{"id":773,"date":"2025-02-22T07:04:16","date_gmt":"2025-02-22T06:04:16","guid":{"rendered":"https:\/\/masqueviajesjl.com\/?page_id=773"},"modified":"2025-03-18T12:46:38","modified_gmt":"2025-03-18T11:46:38","slug":"circuitos-por-el-mundo","status":"publish","type":"page","link":"https:\/\/masqueviajesjl.com\/fr\/tours-paquetes\/circuitos-por-el-mundo\/","title":{"rendered":"Voyages autour du monde"},"content":{"rendered":"<div data-elementor-type=\"wp-page\" data-elementor-id=\"773\" class=\"elementor elementor-773\" data-elementor-post-type=\"page\">\n\t\t\t\t<div class=\"elementor-element elementor-element-9ec981b e-flex e-con-boxed e-con e-parent\" data-id=\"9ec981b\" data-element_type=\"container\" data-e-type=\"container\" data-settings=\"{&quot;background_background&quot;:&quot;classic&quot;}\">\n\t\t\t\t\t<div class=\"e-con-inner\">\n\t\t<div class=\"elementor-element elementor-element-426413b e-con-full e-flex e-con e-child\" data-id=\"426413b\" data-element_type=\"container\" data-e-type=\"container\">\n\t\t<div class=\"elementor-element elementor-element-b5ce16d e-con-full e-flex elementor-invisible e-con e-child\" data-id=\"b5ce16d\" data-element_type=\"container\" data-e-type=\"container\" data-settings=\"{&quot;animation&quot;:&quot;fadeInLeft&quot;}\">\n\t\t\t\t<div class=\"elementor-element elementor-element-4d96e77 elementor-widget elementor-widget-elementskit-heading\" data-id=\"4d96e77\" data-element_type=\"widget\" data-e-type=\"widget\" data-widget_type=\"elementskit-heading.default\">\n\t\t\t\t<div class=\"elementor-widget-container\">\n\t\t\t\t\t<div class=\"ekit-wid-con\" ><div class=\"ekit-heading elementskit-section-title-wraper text_left   ekit_heading_tablet-   ekit_heading_mobile-text_center\"><\/div><\/div>\t\t\t\t<\/div>\n\t\t\t\t<\/div>\n\t\t\t\t<\/div>\n\t\t<div class=\"elementor-element elementor-element-ce36446 e-con-full e-flex elementor-invisible e-con e-child\" data-id=\"ce36446\" data-element_type=\"container\" data-e-type=\"container\" data-settings=\"{&quot;animation&quot;:&quot;fadeInRight&quot;}\">\n\t\t<div class=\"elementor-element elementor-element-dce184b e-con-full e-flex e-con e-child\" data-id=\"dce184b\" data-element_type=\"container\" data-e-type=\"container\">\n\t\t\t\t<div class=\"elementor-element elementor-element-964c750 elementor-icon-list--layout-inline elementor-align-end elementor-list-item-link-full_width elementor-widget elementor-widget-icon-list\" data-id=\"964c750\" data-element_type=\"widget\" data-e-type=\"widget\" data-widget_type=\"icon-list.default\">\n\t\t\t\t<div class=\"elementor-widget-container\">\n\t\t\t\t\t\t\t<ul class=\"elementor-icon-list-items elementor-inline-items\">\n\t\t\t\t\t\t\t<li class=\"elementor-icon-list-item elementor-inline-item\">\n\t\t\t\t\t\t\t\t\t\t\t<a href=\"https:\/\/masqueviajesjl.com\/fr\">\n\n\t\t\t\t\t\t\t\t\t\t\t<span class=\"elementor-icon-list-text\">Accueil<\/span>\n\t\t\t\t\t\t\t\t\t\t\t<\/a>\n\t\t\t\t\t\t\t\t\t<\/li>\n\t\t\t\t\t\t\t\t<li class=\"elementor-icon-list-item elementor-inline-item\">\n\t\t\t\t\t\t\t\t\t\t\t<a href=\"https:\/\/masqueviajesjl.com\/fr\/tours-paquetes\/\">\n\n\t\t\t\t\t\t\t\t\t\t\t<span class=\"elementor-icon-list-text\">Tours et forfaits<\/span>\n\t\t\t\t\t\t\t\t\t\t\t<\/a>\n\t\t\t\t\t\t\t\t\t<\/li>\n\t\t\t\t\t\t\t\t<li class=\"elementor-icon-list-item elementor-inline-item\">\n\t\t\t\t\t\t\t\t\t\t<span class=\"elementor-icon-list-text\"><\/span>\n\t\t\t\t\t\t\t\t\t<\/li>\n\t\t\t\t\t\t<\/ul>\n\t\t\t\t\t\t<\/div>\n\t\t\t\t<\/div>\n\t\t\t\t<\/div>\n\t\t\t\t<\/div>\n\t\t\t\t<\/div>\n\t\t\t\t\t<\/div>\n\t\t\t\t<\/div>\n\t\t<div class=\"elementor-element elementor-element-310c473 e-flex e-con-boxed e-con e-parent\" data-id=\"310c473\" data-element_type=\"container\" data-e-type=\"container\">\n\t\t\t\t\t<div class=\"e-con-inner\">\n\t\t<div class=\"elementor-element elementor-element-a54524f e-con-full e-flex e-con e-child\" data-id=\"a54524f\" data-element_type=\"container\" data-e-type=\"container\">\n\t\t<div class=\"elementor-element elementor-element-c796615 e-con-full e-flex e-con e-child\" data-id=\"c796615\" data-element_type=\"container\" data-e-type=\"container\" data-settings=\"{&quot;background_background&quot;:&quot;classic&quot;}\">\n\t\t\t\t<div class=\"elementor-element elementor-element-5ad0292 elementor-view-default elementor-widget elementor-widget-icon\" data-id=\"5ad0292\" data-element_type=\"widget\" data-e-type=\"widget\" data-widget_type=\"icon.default\">\n\t\t\t\t<div class=\"elementor-widget-container\">\n\t\t\t\t\t\t\t<div class=\"elementor-icon-wrapper\">\n\t\t\t<div class=\"elementor-icon\">\n\t\t\t<i aria-hidden=\"true\" class=\"rtmicon rtmicon-pin-map-location\"><\/i>\t\t\t<\/div>\n\t\t<\/div>\n\t\t\t\t\t\t<\/div>\n\t\t\t\t<\/div>\n\t\t\t\t<div class=\"elementor-element elementor-element-0a9cf75 elementor-widget elementor-widget-heading\" data-id=\"0a9cf75\" data-element_type=\"widget\" data-e-type=\"widget\" data-widget_type=\"heading.default\">\n\t\t\t\t<div class=\"elementor-widget-container\">\n\t\t\t\t\t<h2 class=\"elementor-heading-title elementor-size-default\">Espagne, Portugal, Maroc.<\/h2>\t\t\t\t<\/div>\n\t\t\t\t<\/div>\n\t\t\t\t<\/div>\n\t\t\t\t<\/div>\n\t\t<div class=\"elementor-element elementor-element-8ace4c3 e-con-full e-flex e-con e-child\" data-id=\"8ace4c3\" data-element_type=\"container\" data-e-type=\"container\">\n\t\t<div class=\"elementor-element elementor-element-184eaf2 e-con-full e-flex e-con e-child\" data-id=\"184eaf2\" data-element_type=\"container\" data-e-type=\"container\" data-settings=\"{&quot;background_background&quot;:&quot;classic&quot;}\">\n\t\t\t\t<div class=\"elementor-element elementor-element-ca7f32b elementor-view-default elementor-widget elementor-widget-icon\" data-id=\"ca7f32b\" data-element_type=\"widget\" data-e-type=\"widget\" data-widget_type=\"icon.default\">\n\t\t\t\t<div class=\"elementor-widget-container\">\n\t\t\t\t\t\t\t<div class=\"elementor-icon-wrapper\">\n\t\t\t<div class=\"elementor-icon\">\n\t\t\t<i aria-hidden=\"true\" class=\"rtmicon rtmicon-pin-map-location\"><\/i>\t\t\t<\/div>\n\t\t<\/div>\n\t\t\t\t\t\t<\/div>\n\t\t\t\t<\/div>\n\t\t\t\t<div class=\"elementor-element elementor-element-b6bd76c elementor-widget elementor-widget-heading\" data-id=\"b6bd76c\" data-element_type=\"widget\" data-e-type=\"widget\" data-widget_type=\"heading.default\">\n\t\t\t\t<div class=\"elementor-widget-container\">\n\t\t\t\t\t<h2 class=\"elementor-heading-title elementor-size-default\">Europe centrale et orientale et combin\u00e9e.<\/h2>\t\t\t\t<\/div>\n\t\t\t\t<\/div>\n\t\t\t\t<\/div>\n\t\t\t\t<\/div>\n\t\t<div class=\"elementor-element elementor-element-63c99ea e-con-full e-flex e-con e-child\" data-id=\"63c99ea\" data-element_type=\"container\" data-e-type=\"container\">\n\t\t<div class=\"elementor-element elementor-element-ad3b661 e-con-full e-flex e-con e-child\" data-id=\"ad3b661\" data-element_type=\"container\" data-e-type=\"container\" data-settings=\"{&quot;background_background&quot;:&quot;classic&quot;}\">\n\t\t\t\t<div class=\"elementor-element elementor-element-2312b7d elementor-view-default elementor-widget elementor-widget-icon\" data-id=\"2312b7d\" data-element_type=\"widget\" data-e-type=\"widget\" data-widget_type=\"icon.default\">\n\t\t\t\t<div class=\"elementor-widget-container\">\n\t\t\t\t\t\t\t<div class=\"elementor-icon-wrapper\">\n\t\t\t<div class=\"elementor-icon\">\n\t\t\t<i aria-hidden=\"true\" class=\"rtmicon rtmicon-pin-map-location\"><\/i>\t\t\t<\/div>\n\t\t<\/div>\n\t\t\t\t\t\t<\/div>\n\t\t\t\t<\/div>\n\t\t\t\t<div class=\"elementor-element elementor-element-2e37a14 elementor-widget elementor-widget-heading\" data-id=\"2e37a14\" data-element_type=\"widget\" data-e-type=\"widget\" data-widget_type=\"heading.default\">\n\t\t\t\t<div class=\"elementor-widget-container\">\n\t\t\t\t\t<h2 class=\"elementor-heading-title elementor-size-default\">les pays m\u00e9diterran\u00e9ens, la Bulgarie et la Roumanie.<\/h2>\t\t\t\t<\/div>\n\t\t\t\t<\/div>\n\t\t\t\t<\/div>\n\t\t\t\t<\/div>\n\t\t<div class=\"elementor-element elementor-element-6686ce1 e-con-full e-flex e-con e-child\" data-id=\"6686ce1\" data-element_type=\"container\" data-e-type=\"container\">\n\t\t<div class=\"elementor-element elementor-element-b3cada3 e-con-full e-flex e-con e-child\" data-id=\"b3cada3\" data-element_type=\"container\" data-e-type=\"container\" data-settings=\"{&quot;background_background&quot;:&quot;classic&quot;}\">\n\t\t\t\t<div class=\"elementor-element elementor-element-6149016 elementor-view-default elementor-widget elementor-widget-icon\" data-id=\"6149016\" data-element_type=\"widget\" data-e-type=\"widget\" data-widget_type=\"icon.default\">\n\t\t\t\t<div class=\"elementor-widget-container\">\n\t\t\t\t\t\t\t<div class=\"elementor-icon-wrapper\">\n\t\t\t<div class=\"elementor-icon\">\n\t\t\t<i aria-hidden=\"true\" class=\"rtmicon rtmicon-pin-map-location\"><\/i>\t\t\t<\/div>\n\t\t<\/div>\n\t\t\t\t\t\t<\/div>\n\t\t\t\t<\/div>\n\t\t\t\t<div class=\"elementor-element elementor-element-769ae54 elementor-widget elementor-widget-heading\" data-id=\"769ae54\" data-element_type=\"widget\" data-e-type=\"widget\" data-widget_type=\"heading.default\">\n\t\t\t\t<div class=\"elementor-widget-container\">\n\t\t\t\t\t<h2 class=\"elementor-heading-title elementor-size-default\">\u00c9gypte, Isra\u00ebl et Jordanie.<\/h2>\t\t\t\t<\/div>\n\t\t\t\t<\/div>\n\t\t\t\t<\/div>\n\t\t\t\t<\/div>\n\t\t<div class=\"elementor-element elementor-element-136fe3e e-con-full e-flex e-con e-child\" data-id=\"136fe3e\" data-element_type=\"container\" data-e-type=\"container\">\n\t\t<div class=\"elementor-element elementor-element-408b85a e-con-full e-flex e-con e-child\" data-id=\"408b85a\" data-element_type=\"container\" data-e-type=\"container\" data-settings=\"{&quot;background_background&quot;:&quot;classic&quot;}\">\n\t\t\t\t<div class=\"elementor-element elementor-element-d48e450 elementor-view-default elementor-widget elementor-widget-icon\" data-id=\"d48e450\" data-element_type=\"widget\" data-e-type=\"widget\" data-widget_type=\"icon.default\">\n\t\t\t\t<div class=\"elementor-widget-container\">\n\t\t\t\t\t\t\t<div class=\"elementor-icon-wrapper\">\n\t\t\t<div class=\"elementor-icon\">\n\t\t\t<i aria-hidden=\"true\" class=\"rtmicon rtmicon-pin-map-location\"><\/i>\t\t\t<\/div>\n\t\t<\/div>\n\t\t\t\t\t\t<\/div>\n\t\t\t\t<\/div>\n\t\t\t\t<div class=\"elementor-element elementor-element-6cf49ff elementor-widget elementor-widget-heading\" data-id=\"6cf49ff\" data-element_type=\"widget\" data-e-type=\"widget\" data-widget_type=\"heading.default\">\n\t\t\t\t<div class=\"elementor-widget-container\">\n\t\t\t\t\t<h2 class=\"elementor-heading-title elementor-size-default\">Pays nordiques et baltes.<\/h2>\t\t\t\t<\/div>\n\t\t\t\t<\/div>\n\t\t\t\t<\/div>\n\t\t\t\t<\/div>\n\t\t<div class=\"elementor-element elementor-element-34a41e7 e-con-full e-flex e-con e-child\" data-id=\"34a41e7\" data-element_type=\"container\" data-e-type=\"container\">\n\t\t<div class=\"elementor-element elementor-element-6676159 e-con-full e-flex e-con e-child\" data-id=\"6676159\" data-element_type=\"container\" data-e-type=\"container\" data-settings=\"{&quot;background_background&quot;:&quot;classic&quot;}\">\n\t\t\t\t<div class=\"elementor-element elementor-element-1ae74e9 elementor-view-default elementor-widget elementor-widget-icon\" data-id=\"1ae74e9\" data-element_type=\"widget\" data-e-type=\"widget\" data-widget_type=\"icon.default\">\n\t\t\t\t<div class=\"elementor-widget-container\">\n\t\t\t\t\t\t\t<div class=\"elementor-icon-wrapper\">\n\t\t\t<div class=\"elementor-icon\">\n\t\t\t<i aria-hidden=\"true\" class=\"rtmicon rtmicon-pin-map-location\"><\/i>\t\t\t<\/div>\n\t\t<\/div>\n\t\t\t\t\t\t<\/div>\n\t\t\t\t<\/div>\n\t\t\t\t<div class=\"elementor-element elementor-element-3999108 elementor-widget elementor-widget-heading\" data-id=\"3999108\" data-element_type=\"widget\" data-e-type=\"widget\" data-widget_type=\"heading.default\">\n\t\t\t\t<div class=\"elementor-widget-container\">\n\t\t\t\t\t<h2 class=\"elementor-heading-title elementor-size-default\">Chine, Japon et Cor\u00e9e.<\/h2>\t\t\t\t<\/div>\n\t\t\t\t<\/div>\n\t\t\t\t<\/div>\n\t\t\t\t<\/div>\n\t\t<div class=\"elementor-element elementor-element-d00691d e-con-full e-flex e-con e-child\" data-id=\"d00691d\" data-element_type=\"container\" data-e-type=\"container\">\n\t\t<div class=\"elementor-element elementor-element-2404d76 e-con-full e-flex e-con e-child\" data-id=\"2404d76\" data-element_type=\"container\" data-e-type=\"container\" data-settings=\"{&quot;background_background&quot;:&quot;classic&quot;}\">\n\t\t\t\t<div class=\"elementor-element elementor-element-21b857a elementor-view-default elementor-widget elementor-widget-icon\" data-id=\"21b857a\" data-element_type=\"widget\" data-e-type=\"widget\" data-widget_type=\"icon.default\">\n\t\t\t\t<div class=\"elementor-widget-container\">\n\t\t\t\t\t\t\t<div class=\"elementor-icon-wrapper\">\n\t\t\t<div class=\"elementor-icon\">\n\t\t\t<i aria-hidden=\"true\" class=\"rtmicon rtmicon-pin-map-location\"><\/i>\t\t\t<\/div>\n\t\t<\/div>\n\t\t\t\t\t\t<\/div>\n\t\t\t\t<\/div>\n\t\t\t\t<div class=\"elementor-element elementor-element-1726d62 elementor-widget elementor-widget-heading\" data-id=\"1726d62\" data-element_type=\"widget\" data-e-type=\"widget\" data-widget_type=\"heading.default\">\n\t\t\t\t<div class=\"elementor-widget-container\">\n\t\t\t\t\t<h2 class=\"elementor-heading-title elementor-size-default\">Grands voyages, Asie, Afrique et Am\u00e9rique.<\/h2>\t\t\t\t<\/div>\n\t\t\t\t<\/div>\n\t\t\t\t<\/div>\n\t\t\t\t<\/div>\n\t\t\t\t\t<\/div>\n\t\t\t\t<\/div>\n\t\t<div class=\"elementor-element elementor-element-2104bcb e-flex e-con-boxed e-con e-parent\" data-id=\"2104bcb\" data-element_type=\"container\" data-e-type=\"container\" data-settings=\"{&quot;background_background&quot;:&quot;classic&quot;}\">\n\t\t\t\t\t<div class=\"e-con-inner\">\n\t\t\t\t<div class=\"elementor-element elementor-element-8ac764d elementor-widget elementor-widget-image\" data-id=\"8ac764d\" data-element_type=\"widget\" data-e-type=\"widget\" data-widget_type=\"image.default\">\n\t\t\t\t<div class=\"elementor-widget-container\">\n\t\t\t\t\t\t\t\t\t\t\t\t\t\t\t<img fetchpriority=\"high\" decoding=\"async\" width=\"500\" height=\"500\" src=\"https:\/\/masqueviajesjl.com\/wp-content\/uploads\/2025\/02\/logo-footer.png\" class=\"attachment-large size-large wp-image-555\" alt=\"logo MAS QUE VIAJES JL\" srcset=\"https:\/\/masqueviajesjl.com\/wp-content\/uploads\/2025\/02\/logo-footer.png 500w, https:\/\/masqueviajesjl.com\/wp-content\/uploads\/2025\/02\/logo-footer-300x300.png 300w, https:\/\/masqueviajesjl.com\/wp-content\/uploads\/2025\/02\/logo-footer-150x150.png 150w\" sizes=\"(max-width: 500px) 100vw, 500px\" \/>\t\t\t\t\t\t\t\t\t\t\t\t\t\t\t<\/div>\n\t\t\t\t<\/div>\n\t\t\t\t<div class=\"elementor-element elementor-element-dd91f6e elementor-widget-divider--view-line_text elementor-widget-divider--element-align-center elementor-widget elementor-widget-divider\" data-id=\"dd91f6e\" data-element_type=\"widget\" data-e-type=\"widget\" data-widget_type=\"divider.default\">\n\t\t\t\t<div class=\"elementor-widget-container\">\n\t\t\t\t\t\t\t<div class=\"elementor-divider\">\n\t\t\t<span class=\"elementor-divider-separator\">\n\t\t\t\t\t\t\t<span class=\"elementor-divider__text elementor-divider__element\">\n\t\t\t\tR\u00e9servations\t\t\t\t<\/span>\n\t\t\t\t\t\t<\/span>\n\t\t<\/div>\n\t\t\t\t\t\t<\/div>\n\t\t\t\t<\/div>\n\t\t\t\t<div class=\"elementor-element elementor-element-12fc448 elementor-widget elementor-widget-elementskit-heading\" data-id=\"12fc448\" data-element_type=\"widget\" data-e-type=\"widget\" data-widget_type=\"elementskit-heading.default\">\n\t\t\t\t<div class=\"elementor-widget-container\">\n\t\t\t\t\t<div class=\"ekit-wid-con\" ><div class=\"ekit-heading elementskit-section-title-wraper text_center   ekit_heading_tablet-   ekit_heading_mobile-\"><h2 class=\"ekit-heading--title elementskit-section-title\"><span><span>Si vous souhaitez organiser un voyage de groupe, <\/span><\/span> vous avez trouv\u00e9 l'endroit id\u00e9al.<\/h2><\/div><\/div>\t\t\t\t<\/div>\n\t\t\t\t<\/div>\n\t\t\t\t<div class=\"elementor-element elementor-element-bde8f68 elementor-align-center elementor-widget elementor-widget-button\" data-id=\"bde8f68\" data-element_type=\"widget\" data-e-type=\"widget\" data-widget_type=\"button.default\">\n\t\t\t\t<div class=\"elementor-widget-container\">\n\t\t\t\t\t\t\t\t\t<div class=\"elementor-button-wrapper\">\n\t\t\t\t\t<a class=\"elementor-button elementor-button-link elementor-size-sm\" href=\"#elementor-action%3Aaction%3Dpopup%3Aopen%26settings%3DeyJpZCI6IjExMDciLCJ0b2dnbGUiOmZhbHNlfQ%3D%3D\" target=\"_blank\">\n\t\t\t\t\t\t<span class=\"elementor-button-content-wrapper\">\n\t\t\t\t\t\t<span class=\"elementor-button-icon\">\n\t\t\t\t<svg aria-hidden=\"true\" class=\"e-font-icon-svg e-fas-chevron-circle-right\" viewbox=\"0 0 512 512\" xmlns=\"http:\/\/www.w3.org\/2000\/svg\"><path d=\"M256 8c137 0 248 111 248 248S393 504 256 504 8 393 8 256 119 8 256 8zm113.9 231L234.4 103.5c-9.4-9.4-24.6-9.4-33.9 0l-17 17c-9.4 9.4-9.4 24.6 0 33.9L285.1 256 183.5 357.6c-9.4 9.4-9.4 24.6 0 33.9l17 17c9.4 9.4 24.6 9.4 33.9 0L369.9 273c9.4-9.4 9.4-24.6 0-34z\"><\/path><\/svg>\t\t\t<\/span>\n\t\t\t\t\t\t\t\t\t<span class=\"elementor-button-text\">Demande d'information sans engagement<\/span>\n\t\t\t\t\t<\/span>\n\t\t\t\t\t<\/a>\n\t\t\t\t<\/div>\n\t\t\t\t\t\t\t\t<\/div>\n\t\t\t\t<\/div>\n\t\t\t\t\t<\/div>\n\t\t\t\t<\/div>\n\t\t\t\t<\/div>","protected":false},"excerpt":{"rendered":"<p>Inicio Tours &amp; Paquetes Espa\u00f1a, Portugal, Marruecos. Europa Central, del Este y Combinados. Pa\u00edses Mediterr\u00e1neos, Bulgaria y Ruman\u00eda. Egipto, Israel y Jordania. Pa\u00edses N\u00f3rdicos y B\u00e1lticos. China, Jap\u00f3n y Corea. Grandes viajes, Asia, \u00c1frica y Am\u00e9rica. Reservas Si quieres programar un viaje en grupo, has encontrado el sitio perfecto. Pedir informaci\u00f3n sin compromiso<\/p>","protected":false},"author":7,"featured_media":0,"parent":71,"menu_order":0,"comment_status":"closed","ping_status":"closed","template":"elementor_header_footer","meta":{"_glsr_average":0,"_glsr_ranking":0,"_glsr_reviews":0,"_joinchat":[],"footnotes":""},"class_list":["post-773","page","type-page","status-publish","hentry"],"yoast_head":"<!-- This site is optimized with the Yoast SEO plugin v27.3 - https:\/\/yoast.com\/product\/yoast-seo-wordpress\/ -->\n<title>Circuitos por el mundo - Mas que viajes JL<\/title>\n<meta name=\"robots\" content=\"noindex, nofollow\" \/>\n<meta property=\"og:locale\" content=\"fr_FR\" \/>\n<meta property=\"og:type\" content=\"article\" \/>\n<meta property=\"og:title\" content=\"Circuitos por el mundo - Mas que viajes JL\" \/>\n<meta property=\"og:description\" content=\"Inicio Tours &amp; Paquetes Espa\u00f1a, Portugal, Marruecos. Europa Central, del Este y Combinados. Pa\u00edses Mediterr\u00e1neos, Bulgaria y Ruman\u00eda. Egipto, Israel y Jordania. Pa\u00edses N\u00f3rdicos y B\u00e1lticos. China, Jap\u00f3n y Corea. Grandes viajes, Asia, \u00c1frica y Am\u00e9rica. Reservas Si quieres programar un viaje en grupo, has encontrado el sitio perfecto. Pedir informaci\u00f3n sin compromiso\" \/>\n<meta property=\"og:url\" content=\"https:\/\/masqueviajesjl.com\/fr\/tours-paquetes\/circuitos-por-el-mundo\/\" \/>\n<meta property=\"og:site_name\" content=\"Mas que viajes JL\" \/>\n<meta property=\"article:modified_time\" content=\"2025-03-18T11:46:38+00:00\" \/>\n<meta property=\"og:image\" content=\"https:\/\/masqueviajesjl.com\/wp-content\/uploads\/2025\/02\/logo-footer.png\" \/>\n<meta name=\"twitter:card\" content=\"summary_large_image\" \/>\n<meta name=\"twitter:label1\" content=\"Dur\u00e9e de lecture estim\u00e9e\" \/>\n\t<meta name=\"twitter:data1\" content=\"1 minute\" \/>\n<script type=\"application\/ld+json\" class=\"yoast-schema-graph\">{\"@context\":\"https:\\\/\\\/schema.org\",\"@graph\":[{\"@type\":\"WebPage\",\"@id\":\"https:\\\/\\\/masqueviajesjl.com\\\/tours-paquetes\\\/circuitos-por-el-mundo\\\/\",\"url\":\"https:\\\/\\\/masqueviajesjl.com\\\/tours-paquetes\\\/circuitos-por-el-mundo\\\/\",\"name\":\"Circuitos por el mundo - Mas que viajes JL\",\"isPartOf\":{\"@id\":\"https:\\\/\\\/masqueviajesjl.com\\\/#website\"},\"primaryImageOfPage\":{\"@id\":\"https:\\\/\\\/masqueviajesjl.com\\\/tours-paquetes\\\/circuitos-por-el-mundo\\\/#primaryimage\"},\"image\":{\"@id\":\"https:\\\/\\\/masqueviajesjl.com\\\/tours-paquetes\\\/circuitos-por-el-mundo\\\/#primaryimage\"},\"thumbnailUrl\":\"https:\\\/\\\/masqueviajesjl.com\\\/wp-content\\\/uploads\\\/2025\\\/02\\\/logo-footer.png\",\"datePublished\":\"2025-02-22T06:04:16+00:00\",\"dateModified\":\"2025-03-18T11:46:38+00:00\",\"breadcrumb\":{\"@id\":\"https:\\\/\\\/masqueviajesjl.com\\\/tours-paquetes\\\/circuitos-por-el-mundo\\\/#breadcrumb\"},\"inLanguage\":\"fr-FR\",\"potentialAction\":[{\"@type\":\"ReadAction\",\"target\":[\"https:\\\/\\\/masqueviajesjl.com\\\/tours-paquetes\\\/circuitos-por-el-mundo\\\/\"]}]},{\"@type\":\"ImageObject\",\"inLanguage\":\"fr-FR\",\"@id\":\"https:\\\/\\\/masqueviajesjl.com\\\/tours-paquetes\\\/circuitos-por-el-mundo\\\/#primaryimage\",\"url\":\"https:\\\/\\\/masqueviajesjl.com\\\/wp-content\\\/uploads\\\/2025\\\/02\\\/logo-footer.png\",\"contentUrl\":\"https:\\\/\\\/masqueviajesjl.com\\\/wp-content\\\/uploads\\\/2025\\\/02\\\/logo-footer.png\"},{\"@type\":\"BreadcrumbList\",\"@id\":\"https:\\\/\\\/masqueviajesjl.com\\\/tours-paquetes\\\/circuitos-por-el-mundo\\\/#breadcrumb\",\"itemListElement\":[{\"@type\":\"ListItem\",\"position\":1,\"name\":\"Portada\",\"item\":\"https:\\\/\\\/masqueviajesjl.com\\\/\"},{\"@type\":\"ListItem\",\"position\":2,\"name\":\"Tours &#038; Paquetes\",\"item\":\"https:\\\/\\\/masqueviajesjl.com\\\/tours-paquetes\\\/\"},{\"@type\":\"ListItem\",\"position\":3,\"name\":\"Circuitos por el mundo\"}]},{\"@type\":\"WebSite\",\"@id\":\"https:\\\/\\\/masqueviajesjl.com\\\/#website\",\"url\":\"https:\\\/\\\/masqueviajesjl.com\\\/\",\"name\":\"Mas que viajes JL\",\"description\":\"\",\"potentialAction\":[{\"@type\":\"SearchAction\",\"target\":{\"@type\":\"EntryPoint\",\"urlTemplate\":\"https:\\\/\\\/masqueviajesjl.com\\\/?s={search_term_string}\"},\"query-input\":{\"@type\":\"PropertyValueSpecification\",\"valueRequired\":true,\"valueName\":\"search_term_string\"}}],\"inLanguage\":\"fr-FR\"}]}<\/script>\n<!-- \/ Yoast SEO plugin. -->","yoast_head_json":{"title":"Circuitos por el mundo - Mas que viajes JL","robots":{"index":"noindex","follow":"nofollow"},"og_locale":"fr_FR","og_type":"article","og_title":"Circuitos por el mundo - Mas que viajes JL","og_description":"Inicio Tours &amp; Paquetes Espa\u00f1a, Portugal, Marruecos. Europa Central, del Este y Combinados. Pa\u00edses Mediterr\u00e1neos, Bulgaria y Ruman\u00eda. Egipto, Israel y Jordania. Pa\u00edses N\u00f3rdicos y B\u00e1lticos. China, Jap\u00f3n y Corea. Grandes viajes, Asia, \u00c1frica y Am\u00e9rica. Reservas Si quieres programar un viaje en grupo, has encontrado el sitio perfecto. Pedir informaci\u00f3n sin compromiso","og_url":"https:\/\/masqueviajesjl.com\/fr\/tours-paquetes\/circuitos-por-el-mundo\/","og_site_name":"Mas que viajes JL","article_modified_time":"2025-03-18T11:46:38+00:00","og_image":[{"url":"https:\/\/masqueviajesjl.com\/wp-content\/uploads\/2025\/02\/logo-footer.png","type":"","width":"","height":""}],"twitter_card":"summary_large_image","twitter_misc":{"Dur\u00e9e de lecture estim\u00e9e":"1 minute"},"schema":{"@context":"https:\/\/schema.org","@graph":[{"@type":"WebPage","@id":"https:\/\/masqueviajesjl.com\/tours-paquetes\/circuitos-por-el-mundo\/","url":"https:\/\/masqueviajesjl.com\/tours-paquetes\/circuitos-por-el-mundo\/","name":"Circuitos por el mundo - Mas que viajes JL","isPartOf":{"@id":"https:\/\/masqueviajesjl.com\/#website"},"primaryImageOfPage":{"@id":"https:\/\/masqueviajesjl.com\/tours-paquetes\/circuitos-por-el-mundo\/#primaryimage"},"image":{"@id":"https:\/\/masqueviajesjl.com\/tours-paquetes\/circuitos-por-el-mundo\/#primaryimage"},"thumbnailUrl":"https:\/\/masqueviajesjl.com\/wp-content\/uploads\/2025\/02\/logo-footer.png","datePublished":"2025-02-22T06:04:16+00:00","dateModified":"2025-03-18T11:46:38+00:00","breadcrumb":{"@id":"https:\/\/masqueviajesjl.com\/tours-paquetes\/circuitos-por-el-mundo\/#breadcrumb"},"inLanguage":"fr-FR","potentialAction":[{"@type":"ReadAction","target":["https:\/\/masqueviajesjl.com\/tours-paquetes\/circuitos-por-el-mundo\/"]}]},{"@type":"ImageObject","inLanguage":"fr-FR","@id":"https:\/\/masqueviajesjl.com\/tours-paquetes\/circuitos-por-el-mundo\/#primaryimage","url":"https:\/\/masqueviajesjl.com\/wp-content\/uploads\/2025\/02\/logo-footer.png","contentUrl":"https:\/\/masqueviajesjl.com\/wp-content\/uploads\/2025\/02\/logo-footer.png"},{"@type":"BreadcrumbList","@id":"https:\/\/masqueviajesjl.com\/tours-paquetes\/circuitos-por-el-mundo\/#breadcrumb","itemListElement":[{"@type":"ListItem","position":1,"name":"Portada","item":"https:\/\/masqueviajesjl.com\/"},{"@type":"ListItem","position":2,"name":"Tours &#038; Paquetes","item":"https:\/\/masqueviajesjl.com\/tours-paquetes\/"},{"@type":"ListItem","position":3,"name":"Circuitos por el mundo"}]},{"@type":"WebSite","@id":"https:\/\/masqueviajesjl.com\/#website","url":"https:\/\/masqueviajesjl.com\/","name":"Plus que le voyage JL","description":"","potentialAction":[{"@type":"SearchAction","target":{"@type":"EntryPoint","urlTemplate":"https:\/\/masqueviajesjl.com\/?s={search_term_string}"},"query-input":{"@type":"PropertyValueSpecification","valueRequired":true,"valueName":"search_term_string"}}],"inLanguage":"fr-FR"}]}},"_links":{"self":[{"href":"https:\/\/masqueviajesjl.com\/fr\/wp-json\/wp\/v2\/pages\/773","targetHints":{"allow":["GET"]}}],"collection":[{"href":"https:\/\/masqueviajesjl.com\/fr\/wp-json\/wp\/v2\/pages"}],"about":[{"href":"https:\/\/masqueviajesjl.com\/fr\/wp-json\/wp\/v2\/types\/page"}],"author":[{"embeddable":true,"href":"https:\/\/masqueviajesjl.com\/fr\/wp-json\/wp\/v2\/users\/7"}],"replies":[{"embeddable":true,"href":"https:\/\/masqueviajesjl.com\/fr\/wp-json\/wp\/v2\/comments?post=773"}],"version-history":[{"count":80,"href":"https:\/\/masqueviajesjl.com\/fr\/wp-json\/wp\/v2\/pages\/773\/revisions"}],"predecessor-version":[{"id":1598,"href":"https:\/\/masqueviajesjl.com\/fr\/wp-json\/wp\/v2\/pages\/773\/revisions\/1598"}],"up":[{"embeddable":true,"href":"https:\/\/masqueviajesjl.com\/fr\/wp-json\/wp\/v2\/pages\/71"}],"wp:attachment":[{"href":"https:\/\/masqueviajesjl.com\/fr\/wp-json\/wp\/v2\/media?parent=773"}],"curies":[{"name":"wp","href":"https:\/\/api.w.org\/{rel}","templated":true}]}}