{"id":761,"date":"2025-02-22T06:59:46","date_gmt":"2025-02-22T05:59:46","guid":{"rendered":"https:\/\/masqueviajesjl.com\/?page_id=761"},"modified":"2025-03-18T12:47:20","modified_gmt":"2025-03-18T11:47:20","slug":"cruceros","status":"publish","type":"page","link":"https:\/\/masqueviajesjl.com\/fr\/descubre\/cruceros\/","title":{"rendered":"Croisi\u00e8res"},"content":{"rendered":"<div data-elementor-type=\"wp-page\" data-elementor-id=\"761\" class=\"elementor elementor-761\" data-elementor-post-type=\"page\">\n\t\t\t\t<div class=\"elementor-element elementor-element-9ec981b e-flex e-con-boxed e-con e-parent\" data-id=\"9ec981b\" data-element_type=\"container\" data-e-type=\"container\" data-settings=\"{&quot;background_background&quot;:&quot;classic&quot;}\">\n\t\t\t\t\t<div class=\"e-con-inner\">\n\t\t<div class=\"elementor-element elementor-element-426413b e-con-full e-flex e-con e-child\" data-id=\"426413b\" data-element_type=\"container\" data-e-type=\"container\">\n\t\t<div class=\"elementor-element elementor-element-b5ce16d e-con-full e-flex elementor-invisible e-con e-child\" data-id=\"b5ce16d\" data-element_type=\"container\" data-e-type=\"container\" data-settings=\"{&quot;animation&quot;:&quot;fadeInLeft&quot;}\">\n\t\t\t\t<div class=\"elementor-element elementor-element-4d96e77 elementor-widget elementor-widget-elementskit-heading\" data-id=\"4d96e77\" data-element_type=\"widget\" data-e-type=\"widget\" data-widget_type=\"elementskit-heading.default\">\n\t\t\t\t<div class=\"elementor-widget-container\">\n\t\t\t\t\t<div class=\"ekit-wid-con\" ><div class=\"ekit-heading elementskit-section-title-wraper text_left   ekit_heading_tablet-   ekit_heading_mobile-text_center\"><\/div><\/div>\t\t\t\t<\/div>\n\t\t\t\t<\/div>\n\t\t\t\t<\/div>\n\t\t<div class=\"elementor-element elementor-element-ce36446 e-con-full e-flex elementor-invisible e-con e-child\" data-id=\"ce36446\" data-element_type=\"container\" data-e-type=\"container\" data-settings=\"{&quot;animation&quot;:&quot;fadeInRight&quot;}\">\n\t\t<div class=\"elementor-element elementor-element-dce184b e-con-full e-flex e-con e-child\" data-id=\"dce184b\" data-element_type=\"container\" data-e-type=\"container\">\n\t\t\t\t<div class=\"elementor-element elementor-element-964c750 elementor-icon-list--layout-inline elementor-align-end elementor-list-item-link-full_width elementor-widget elementor-widget-icon-list\" data-id=\"964c750\" data-element_type=\"widget\" data-e-type=\"widget\" data-widget_type=\"icon-list.default\">\n\t\t\t\t<div class=\"elementor-widget-container\">\n\t\t\t\t\t\t\t<ul class=\"elementor-icon-list-items elementor-inline-items\">\n\t\t\t\t\t\t\t<li class=\"elementor-icon-list-item elementor-inline-item\">\n\t\t\t\t\t\t\t\t\t\t\t<a href=\"https:\/\/masqueviajesjl.com\/fr\">\n\n\t\t\t\t\t\t\t\t\t\t\t<span class=\"elementor-icon-list-text\">Accueil<\/span>\n\t\t\t\t\t\t\t\t\t\t\t<\/a>\n\t\t\t\t\t\t\t\t\t<\/li>\n\t\t\t\t\t\t\t\t<li class=\"elementor-icon-list-item elementor-inline-item\">\n\t\t\t\t\t\t\t\t\t\t\t<a href=\"https:\/\/masqueviajesjl.com\/fr\/descubre\/\">\n\n\t\t\t\t\t\t\t\t\t\t\t<span class=\"elementor-icon-list-text\">D\u00e9couvrir<\/span>\n\t\t\t\t\t\t\t\t\t\t\t<\/a>\n\t\t\t\t\t\t\t\t\t<\/li>\n\t\t\t\t\t\t\t\t<li class=\"elementor-icon-list-item elementor-inline-item\">\n\t\t\t\t\t\t\t\t\t\t<span class=\"elementor-icon-list-text\"><\/span>\n\t\t\t\t\t\t\t\t\t<\/li>\n\t\t\t\t\t\t<\/ul>\n\t\t\t\t\t\t<\/div>\n\t\t\t\t<\/div>\n\t\t\t\t<\/div>\n\t\t\t\t<\/div>\n\t\t\t\t<\/div>\n\t\t\t\t\t<\/div>\n\t\t\t\t<\/div>\n\t\t<div class=\"elementor-element elementor-element-ba1bb50 e-flex e-con-boxed e-con e-parent\" data-id=\"ba1bb50\" data-element_type=\"container\" data-e-type=\"container\">\n\t\t\t\t\t<div class=\"e-con-inner\">\n\t\t<div class=\"elementor-element elementor-element-02ca24d e-con-full e-flex e-con e-child\" data-id=\"02ca24d\" data-element_type=\"container\" data-e-type=\"container\">\n\t\t<div class=\"elementor-element elementor-element-2c96032 e-con-full elementor-hidden-tablet elementor-hidden-mobile e-flex elementor-invisible e-con e-child\" data-id=\"2c96032\" data-element_type=\"container\" data-e-type=\"container\" data-settings=\"{&quot;animation&quot;:&quot;fadeInLeft&quot;}\">\n\t\t\t\t<div class=\"elementor-element elementor-element-837ca69 elementor-widget elementor-widget-image\" data-id=\"837ca69\" data-element_type=\"widget\" data-e-type=\"widget\" data-widget_type=\"image.default\">\n\t\t\t\t<div class=\"elementor-widget-container\">\n\t\t\t\t\t\t\t\t\t\t\t\t\t\t\t<img fetchpriority=\"high\" decoding=\"async\" width=\"405\" height=\"529\" src=\"https:\/\/masqueviajesjl.com\/wp-content\/uploads\/2025\/02\/crucero-2.jpg\" class=\"attachment-large size-large wp-image-1037\" alt=\"\" srcset=\"https:\/\/masqueviajesjl.com\/wp-content\/uploads\/2025\/02\/crucero-2.jpg 405w, https:\/\/masqueviajesjl.com\/wp-content\/uploads\/2025\/02\/crucero-2-230x300.jpg 230w\" sizes=\"(max-width: 405px) 100vw, 405px\" \/>\t\t\t\t\t\t\t\t\t\t\t\t\t\t\t<\/div>\n\t\t\t\t<\/div>\n\t\t\t\t<\/div>\n\t\t<div class=\"elementor-element elementor-element-22fe461 e-con-full e-flex elementor-invisible e-con e-child\" data-id=\"22fe461\" data-element_type=\"container\" data-e-type=\"container\" data-settings=\"{&quot;animation&quot;:&quot;fadeInRight&quot;,&quot;animation_delay&quot;:300}\">\n\t\t\t\t<div class=\"elementor-element elementor-element-4577353 elementor-widget elementor-widget-heading\" data-id=\"4577353\" data-element_type=\"widget\" data-e-type=\"widget\" data-widget_type=\"heading.default\">\n\t\t\t\t<div class=\"elementor-widget-container\">\n\t\t\t\t\t<h2 class=\"elementor-heading-title elementor-size-default\">R\u00e9alisez vos r\u00eaves sur les meilleurs bateaux<\/h2>\t\t\t\t<\/div>\n\t\t\t\t<\/div>\n\t\t\t\t<div class=\"elementor-element elementor-element-494b905 elementor-widget elementor-widget-text-editor\" data-id=\"494b905\" data-element_type=\"widget\" data-e-type=\"widget\" data-widget_type=\"text-editor.default\">\n\t\t\t\t<div class=\"elementor-widget-container\">\n\t\t\t\t\t\t\t\t\t<p><span style=\"font-weight: 400;\">D\u00e9couvrez les\u00a0<\/span><a href=\"https:\/\/www.royalcaribbean.com\/esp\/es\/cruise-destinations\"><span style=\"font-weight: 400;\">destinations touristiques<\/span><\/a><span style=\"font-weight: 400;\">\u00a0des endroits les plus incroyables du monde. Visitez les \u00eeles des Cara\u00efbes et d\u00e9tendez-vous sur des plages paradisiaques, aventurez-vous dans les for\u00eats tropicales et faites de la plong\u00e9e avec masque et tuba en famille. Les Cara\u00efbes et\u00a0<\/span><a href=\"https:\/\/www.royalcaribbean.com\/esp\/es\/cruise-destinations\/bahamas-cruises\"><span style=\"font-weight: 400;\">Les Bahamas<\/span><\/a><span style=\"font-weight: 400;\">\u00a0offrent certaines des plus belles plages et certains des plus beaux r\u00e9cifs du monde.<\/span><\/p><p><span style=\"font-weight: 400;\">Gagnez un badge d'aventurier en d\u00e9couvrant les glaciers les plus impressionnants d'Alaska. Cherchez de l'or dans les villages autochtones et d\u00e9couvrez la nature sauvage pendant quelques jours.\u00a0<\/span><a href=\"https:\/\/www.royalcaribbean.com\/esp\/es\/cruise-destinations\/alaska-cruises\"><span style=\"font-weight: 400;\">vacances en Alaska<\/span><\/a><span style=\"font-weight: 400;\">. Retrouvez le go\u00fbt de l'ancien monde en visitant certains des ports les plus anciens et les plus riches en culture du monde.\u00a0<\/span><a href=\"https:\/\/www.royalcaribbean.com\/esp\/es\/cruise-destinations\/mediterranean-cruises\"><span style=\"font-weight: 400;\">la M\u00e9diterran\u00e9e<\/span><\/a><span style=\"font-weight: 400;\">Les \u00eeles britanniques, la Scandinavie et bien d'autres choses encore en un seul clic.\u00a0<\/span><a href=\"https:\/\/www.royalcaribbean.com\/esp\/es\/cruise-destinations\/european-cruises\"><span style=\"font-weight: 400;\">Croisi\u00e8re europ\u00e9enne.<\/span><\/a><\/p><p><span style=\"font-weight: 400;\">Quelle que soit la r\u00e9gion du monde que vous choisissez, les croisi\u00e8res peuvent vous emmener vers les destinations les plus populaires ou les plus insolites, afin que vous puissiez vivre chaque port comme un local. Tout commence par\u00a0<\/span><a href=\"https:\/\/www.royalcaribbean.com\/esp\/es\/cruise-ships\"><span style=\"font-weight: 400;\">croisi\u00e8res innovantes<\/span><\/a><span style=\"font-weight: 400;\"> Laur\u00e9ats de nombreux prix, ils proposent des restaurants de classe mondiale, les meilleurs divertissements et un nombre illimit\u00e9 d'attractions et de choses \u00e0 faire.\u00a0<\/span><\/p><p><span style=\"font-weight: 400;\">Que vous voyagiez seul ou que vous partiez en vacances avec toute la famille \u00e9largie, vous pouvez choisir parmi une gamme de diff\u00e9rents\u00a0<\/span><a href=\"https:\/\/www.royalcaribbean.com\/esp\/es\/cruise-rooms\"><span style=\"font-weight: 400;\">h\u00e9bergement en croisi\u00e8re<\/span><\/a><span style=\"font-weight: 400;\"> y compris des cabines communicantes parfaites pour les groupes, des chambres romantiques pour les couples en qu\u00eate de d\u00e9tente et l'Ultimate Family Suite pleine d'\u00e9motions avec une salle de jeux priv\u00e9e et un toboggan pour les plus petits de la famille.\u00a0\u00a0<\/span><\/p>\t\t\t\t\t\t\t\t<\/div>\n\t\t\t\t<\/div>\n\t\t\t\t<\/div>\n\t\t\t\t<\/div>\n\t\t\t\t\t<\/div>\n\t\t\t\t<\/div>\n\t\t<div class=\"elementor-element elementor-element-dc7ccad e-flex e-con-boxed e-con e-parent\" data-id=\"dc7ccad\" data-element_type=\"container\" data-e-type=\"container\">\n\t\t\t\t\t<div class=\"e-con-inner\">\n\t\t\t\t<div class=\"elementor-element elementor-element-1eba26a elementor-widget-divider--view-line elementor-widget elementor-widget-divider\" data-id=\"1eba26a\" data-element_type=\"widget\" data-e-type=\"widget\" id=\"agendar\" data-widget_type=\"divider.default\">\n\t\t\t\t<div class=\"elementor-widget-container\">\n\t\t\t\t\t\t\t<div class=\"elementor-divider\">\n\t\t\t<span class=\"elementor-divider-separator\">\n\t\t\t\t\t\t<\/span>\n\t\t<\/div>\n\t\t\t\t\t\t<\/div>\n\t\t\t\t<\/div>\n\t\t\t\t\t<\/div>\n\t\t\t\t<\/div>\n\t\t<div class=\"elementor-element elementor-element-2104bcb e-flex e-con-boxed e-con e-parent\" data-id=\"2104bcb\" data-element_type=\"container\" data-e-type=\"container\" data-settings=\"{&quot;background_background&quot;:&quot;classic&quot;}\">\n\t\t\t\t\t<div class=\"e-con-inner\">\n\t\t\t\t<div class=\"elementor-element elementor-element-8ac764d elementor-widget elementor-widget-image\" data-id=\"8ac764d\" data-element_type=\"widget\" data-e-type=\"widget\" data-widget_type=\"image.default\">\n\t\t\t\t<div class=\"elementor-widget-container\">\n\t\t\t\t\t\t\t\t\t\t\t\t\t\t\t<img decoding=\"async\" width=\"500\" height=\"500\" src=\"https:\/\/masqueviajesjl.com\/wp-content\/uploads\/2025\/02\/logo-footer.png\" class=\"attachment-large size-large wp-image-555\" alt=\"logo MAS QUE VIAJES JL\" srcset=\"https:\/\/masqueviajesjl.com\/wp-content\/uploads\/2025\/02\/logo-footer.png 500w, https:\/\/masqueviajesjl.com\/wp-content\/uploads\/2025\/02\/logo-footer-300x300.png 300w, https:\/\/masqueviajesjl.com\/wp-content\/uploads\/2025\/02\/logo-footer-150x150.png 150w\" sizes=\"(max-width: 500px) 100vw, 500px\" \/>\t\t\t\t\t\t\t\t\t\t\t\t\t\t\t<\/div>\n\t\t\t\t<\/div>\n\t\t\t\t<div class=\"elementor-element elementor-element-dd91f6e elementor-widget-divider--view-line_text elementor-widget-divider--element-align-center elementor-widget elementor-widget-divider\" data-id=\"dd91f6e\" data-element_type=\"widget\" data-e-type=\"widget\" data-widget_type=\"divider.default\">\n\t\t\t\t<div class=\"elementor-widget-container\">\n\t\t\t\t\t\t\t<div class=\"elementor-divider\">\n\t\t\t<span class=\"elementor-divider-separator\">\n\t\t\t\t\t\t\t<span class=\"elementor-divider__text elementor-divider__element\">\n\t\t\t\tR\u00e9servations\t\t\t\t<\/span>\n\t\t\t\t\t\t<\/span>\n\t\t<\/div>\n\t\t\t\t\t\t<\/div>\n\t\t\t\t<\/div>\n\t\t\t\t<div class=\"elementor-element elementor-element-12fc448 elementor-widget elementor-widget-elementskit-heading\" data-id=\"12fc448\" data-element_type=\"widget\" data-e-type=\"widget\" data-widget_type=\"elementskit-heading.default\">\n\t\t\t\t<div class=\"elementor-widget-container\">\n\t\t\t\t\t<div class=\"ekit-wid-con\" ><div class=\"ekit-heading elementskit-section-title-wraper text_center   ekit_heading_tablet-   ekit_heading_mobile-\"><h2 class=\"ekit-heading--title elementskit-section-title\"><span><span>Am\u00e9liorez votre exp\u00e9rience<\/span><\/span> au niveau suivant<\/h2><\/div><\/div>\t\t\t\t<\/div>\n\t\t\t\t<\/div>\n\t\t\t\t<div class=\"elementor-element elementor-element-e890ae4 elementor-widget elementor-widget-text-editor\" data-id=\"e890ae4\" data-element_type=\"widget\" data-e-type=\"widget\" data-widget_type=\"text-editor.default\">\n\t\t\t\t<div class=\"elementor-widget-container\">\n\t\t\t\t\t\t\t\t\t<p>Gr\u00e2ce \u00e0 notre service personnalis\u00e9, votre voyage sera plus qu'une simple destination. R\u00e9servez d\u00e8s maintenant et vivez des moments d'exception.<\/p>\t\t\t\t\t\t\t\t<\/div>\n\t\t\t\t<\/div>\n\t\t\t\t<div class=\"elementor-element elementor-element-bde8f68 elementor-align-center elementor-widget elementor-widget-button\" data-id=\"bde8f68\" data-element_type=\"widget\" data-e-type=\"widget\" data-widget_type=\"button.default\">\n\t\t\t\t<div class=\"elementor-widget-container\">\n\t\t\t\t\t\t\t\t\t<div class=\"elementor-button-wrapper\">\n\t\t\t\t\t<a class=\"elementor-button elementor-button-link elementor-size-sm\" href=\"#elementor-action%3Aaction%3Dpopup%3Aopen%26settings%3DeyJpZCI6IjExMDciLCJ0b2dnbGUiOmZhbHNlfQ%3D%3D\" target=\"_blank\">\n\t\t\t\t\t\t<span class=\"elementor-button-content-wrapper\">\n\t\t\t\t\t\t<span class=\"elementor-button-icon\">\n\t\t\t\t<svg aria-hidden=\"true\" class=\"e-font-icon-svg e-fas-chevron-circle-right\" viewbox=\"0 0 512 512\" xmlns=\"http:\/\/www.w3.org\/2000\/svg\"><path d=\"M256 8c137 0 248 111 248 248S393 504 256 504 8 393 8 256 119 8 256 8zm113.9 231L234.4 103.5c-9.4-9.4-24.6-9.4-33.9 0l-17 17c-9.4 9.4-9.4 24.6 0 33.9L285.1 256 183.5 357.6c-9.4 9.4-9.4 24.6 0 33.9l17 17c9.4 9.4 24.6 9.4 33.9 0L369.9 273c9.4-9.4 9.4-24.6 0-34z\"><\/path><\/svg>\t\t\t<\/span>\n\t\t\t\t\t\t\t\t\t<span class=\"elementor-button-text\">Demande d'information sans engagement<\/span>\n\t\t\t\t\t<\/span>\n\t\t\t\t\t<\/a>\n\t\t\t\t<\/div>\n\t\t\t\t\t\t\t\t<\/div>\n\t\t\t\t<\/div>\n\t\t\t\t\t<\/div>\n\t\t\t\t<\/div>\n\t\t\t\t<\/div>","protected":false},"excerpt":{"rendered":"<p>Inicio Descubre Haz realidad tus sue\u00f1os en los mejores barcos Descubre los\u00a0destinos tur\u00edsticos\u00a0m\u00e1s incre\u00edbles del mundo. Visita las islas del Caribe y rel\u00e1jate en sus playas paradisiacas, avent\u00farate en las selvas tropicales y pr\u00e1ctica\u00a0esn\u00f3rquel con toda la familia. El Caribe y\u00a0las Bahamas\u00a0ofrecen algunas de las playas y arrecifes m\u00e1s hermosos del mundo. G\u00e1nate una insignia [&hellip;]<\/p>\n","protected":false},"author":7,"featured_media":0,"parent":70,"menu_order":0,"comment_status":"closed","ping_status":"closed","template":"elementor_header_footer","meta":{"_glsr_average":0,"_glsr_ranking":0,"_glsr_reviews":0,"_joinchat":[],"footnotes":""},"class_list":["post-761","page","type-page","status-publish","hentry"],"yoast_head":"<!-- This site is optimized with the Yoast SEO plugin v27.3 - https:\/\/yoast.com\/product\/yoast-seo-wordpress\/ -->\n<title>Cruceros - Mas que viajes JL<\/title>\n<meta name=\"robots\" content=\"noindex, nofollow\" \/>\n<meta property=\"og:locale\" content=\"fr_FR\" \/>\n<meta property=\"og:type\" content=\"article\" \/>\n<meta property=\"og:title\" content=\"Cruceros - Mas que viajes JL\" \/>\n<meta property=\"og:description\" content=\"Inicio Descubre Haz realidad tus sue\u00f1os en los mejores barcos Descubre los\u00a0destinos tur\u00edsticos\u00a0m\u00e1s incre\u00edbles del mundo. Visita las islas del Caribe y rel\u00e1jate en sus playas paradisiacas, avent\u00farate en las selvas tropicales y pr\u00e1ctica\u00a0esn\u00f3rquel con toda la familia. El Caribe y\u00a0las Bahamas\u00a0ofrecen algunas de las playas y arrecifes m\u00e1s hermosos del mundo. G\u00e1nate una insignia [&hellip;]\" \/>\n<meta property=\"og:url\" content=\"https:\/\/masqueviajesjl.com\/fr\/descubre\/cruceros\/\" \/>\n<meta property=\"og:site_name\" content=\"Mas que viajes JL\" \/>\n<meta property=\"article:modified_time\" content=\"2025-03-18T11:47:20+00:00\" \/>\n<meta property=\"og:image\" content=\"https:\/\/masqueviajesjl.com\/wp-content\/uploads\/2025\/02\/crucero-2.jpg\" \/>\n<meta name=\"twitter:card\" content=\"summary_large_image\" \/>\n<meta name=\"twitter:label1\" content=\"Dur\u00e9e de lecture estim\u00e9e\" \/>\n\t<meta name=\"twitter:data1\" content=\"2 minutes\" \/>\n<script type=\"application\/ld+json\" class=\"yoast-schema-graph\">{\"@context\":\"https:\\\/\\\/schema.org\",\"@graph\":[{\"@type\":\"WebPage\",\"@id\":\"https:\\\/\\\/masqueviajesjl.com\\\/descubre\\\/cruceros\\\/\",\"url\":\"https:\\\/\\\/masqueviajesjl.com\\\/descubre\\\/cruceros\\\/\",\"name\":\"Cruceros - Mas que viajes JL\",\"isPartOf\":{\"@id\":\"https:\\\/\\\/masqueviajesjl.com\\\/#website\"},\"primaryImageOfPage\":{\"@id\":\"https:\\\/\\\/masqueviajesjl.com\\\/descubre\\\/cruceros\\\/#primaryimage\"},\"image\":{\"@id\":\"https:\\\/\\\/masqueviajesjl.com\\\/descubre\\\/cruceros\\\/#primaryimage\"},\"thumbnailUrl\":\"https:\\\/\\\/masqueviajesjl.com\\\/wp-content\\\/uploads\\\/2025\\\/02\\\/crucero-2.jpg\",\"datePublished\":\"2025-02-22T05:59:46+00:00\",\"dateModified\":\"2025-03-18T11:47:20+00:00\",\"breadcrumb\":{\"@id\":\"https:\\\/\\\/masqueviajesjl.com\\\/descubre\\\/cruceros\\\/#breadcrumb\"},\"inLanguage\":\"fr-FR\",\"potentialAction\":[{\"@type\":\"ReadAction\",\"target\":[\"https:\\\/\\\/masqueviajesjl.com\\\/descubre\\\/cruceros\\\/\"]}]},{\"@type\":\"ImageObject\",\"inLanguage\":\"fr-FR\",\"@id\":\"https:\\\/\\\/masqueviajesjl.com\\\/descubre\\\/cruceros\\\/#primaryimage\",\"url\":\"https:\\\/\\\/masqueviajesjl.com\\\/wp-content\\\/uploads\\\/2025\\\/02\\\/crucero-2.jpg\",\"contentUrl\":\"https:\\\/\\\/masqueviajesjl.com\\\/wp-content\\\/uploads\\\/2025\\\/02\\\/crucero-2.jpg\"},{\"@type\":\"BreadcrumbList\",\"@id\":\"https:\\\/\\\/masqueviajesjl.com\\\/descubre\\\/cruceros\\\/#breadcrumb\",\"itemListElement\":[{\"@type\":\"ListItem\",\"position\":1,\"name\":\"Portada\",\"item\":\"https:\\\/\\\/masqueviajesjl.com\\\/\"},{\"@type\":\"ListItem\",\"position\":2,\"name\":\"Descubre\",\"item\":\"https:\\\/\\\/masqueviajesjl.com\\\/descubre\\\/\"},{\"@type\":\"ListItem\",\"position\":3,\"name\":\"Cruceros\"}]},{\"@type\":\"WebSite\",\"@id\":\"https:\\\/\\\/masqueviajesjl.com\\\/#website\",\"url\":\"https:\\\/\\\/masqueviajesjl.com\\\/\",\"name\":\"Mas que viajes JL\",\"description\":\"\",\"potentialAction\":[{\"@type\":\"SearchAction\",\"target\":{\"@type\":\"EntryPoint\",\"urlTemplate\":\"https:\\\/\\\/masqueviajesjl.com\\\/?s={search_term_string}\"},\"query-input\":{\"@type\":\"PropertyValueSpecification\",\"valueRequired\":true,\"valueName\":\"search_term_string\"}}],\"inLanguage\":\"fr-FR\"}]}<\/script>\n<!-- \/ Yoast SEO plugin. -->","yoast_head_json":{"title":"Cruceros - Mas que viajes JL","robots":{"index":"noindex","follow":"nofollow"},"og_locale":"fr_FR","og_type":"article","og_title":"Cruceros - Mas que viajes JL","og_description":"Inicio Descubre Haz realidad tus sue\u00f1os en los mejores barcos Descubre los\u00a0destinos tur\u00edsticos\u00a0m\u00e1s incre\u00edbles del mundo. Visita las islas del Caribe y rel\u00e1jate en sus playas paradisiacas, avent\u00farate en las selvas tropicales y pr\u00e1ctica\u00a0esn\u00f3rquel con toda la familia. El Caribe y\u00a0las Bahamas\u00a0ofrecen algunas de las playas y arrecifes m\u00e1s hermosos del mundo. G\u00e1nate una insignia [&hellip;]","og_url":"https:\/\/masqueviajesjl.com\/fr\/descubre\/cruceros\/","og_site_name":"Mas que viajes JL","article_modified_time":"2025-03-18T11:47:20+00:00","og_image":[{"url":"https:\/\/masqueviajesjl.com\/wp-content\/uploads\/2025\/02\/crucero-2.jpg","type":"","width":"","height":""}],"twitter_card":"summary_large_image","twitter_misc":{"Dur\u00e9e de lecture estim\u00e9e":"2 minutes"},"schema":{"@context":"https:\/\/schema.org","@graph":[{"@type":"WebPage","@id":"https:\/\/masqueviajesjl.com\/descubre\/cruceros\/","url":"https:\/\/masqueviajesjl.com\/descubre\/cruceros\/","name":"Cruceros - Mas que viajes JL","isPartOf":{"@id":"https:\/\/masqueviajesjl.com\/#website"},"primaryImageOfPage":{"@id":"https:\/\/masqueviajesjl.com\/descubre\/cruceros\/#primaryimage"},"image":{"@id":"https:\/\/masqueviajesjl.com\/descubre\/cruceros\/#primaryimage"},"thumbnailUrl":"https:\/\/masqueviajesjl.com\/wp-content\/uploads\/2025\/02\/crucero-2.jpg","datePublished":"2025-02-22T05:59:46+00:00","dateModified":"2025-03-18T11:47:20+00:00","breadcrumb":{"@id":"https:\/\/masqueviajesjl.com\/descubre\/cruceros\/#breadcrumb"},"inLanguage":"fr-FR","potentialAction":[{"@type":"ReadAction","target":["https:\/\/masqueviajesjl.com\/descubre\/cruceros\/"]}]},{"@type":"ImageObject","inLanguage":"fr-FR","@id":"https:\/\/masqueviajesjl.com\/descubre\/cruceros\/#primaryimage","url":"https:\/\/masqueviajesjl.com\/wp-content\/uploads\/2025\/02\/crucero-2.jpg","contentUrl":"https:\/\/masqueviajesjl.com\/wp-content\/uploads\/2025\/02\/crucero-2.jpg"},{"@type":"BreadcrumbList","@id":"https:\/\/masqueviajesjl.com\/descubre\/cruceros\/#breadcrumb","itemListElement":[{"@type":"ListItem","position":1,"name":"Portada","item":"https:\/\/masqueviajesjl.com\/"},{"@type":"ListItem","position":2,"name":"Descubre","item":"https:\/\/masqueviajesjl.com\/descubre\/"},{"@type":"ListItem","position":3,"name":"Cruceros"}]},{"@type":"WebSite","@id":"https:\/\/masqueviajesjl.com\/#website","url":"https:\/\/masqueviajesjl.com\/","name":"Plus que le voyage JL","description":"","potentialAction":[{"@type":"SearchAction","target":{"@type":"EntryPoint","urlTemplate":"https:\/\/masqueviajesjl.com\/?s={search_term_string}"},"query-input":{"@type":"PropertyValueSpecification","valueRequired":true,"valueName":"search_term_string"}}],"inLanguage":"fr-FR"}]}},"_links":{"self":[{"href":"https:\/\/masqueviajesjl.com\/fr\/wp-json\/wp\/v2\/pages\/761","targetHints":{"allow":["GET"]}}],"collection":[{"href":"https:\/\/masqueviajesjl.com\/fr\/wp-json\/wp\/v2\/pages"}],"about":[{"href":"https:\/\/masqueviajesjl.com\/fr\/wp-json\/wp\/v2\/types\/page"}],"author":[{"embeddable":true,"href":"https:\/\/masqueviajesjl.com\/fr\/wp-json\/wp\/v2\/users\/7"}],"replies":[{"embeddable":true,"href":"https:\/\/masqueviajesjl.com\/fr\/wp-json\/wp\/v2\/comments?post=761"}],"version-history":[{"count":35,"href":"https:\/\/masqueviajesjl.com\/fr\/wp-json\/wp\/v2\/pages\/761\/revisions"}],"predecessor-version":[{"id":1601,"href":"https:\/\/masqueviajesjl.com\/fr\/wp-json\/wp\/v2\/pages\/761\/revisions\/1601"}],"up":[{"embeddable":true,"href":"https:\/\/masqueviajesjl.com\/fr\/wp-json\/wp\/v2\/pages\/70"}],"wp:attachment":[{"href":"https:\/\/masqueviajesjl.com\/fr\/wp-json\/wp\/v2\/media?parent=761"}],"curies":[{"name":"wp","href":"https:\/\/api.w.org\/{rel}","templated":true}]}}