{"id":18,"date":"2025-01-27T08:52:13","date_gmt":"2025-01-27T07:52:13","guid":{"rendered":"https:\/\/masqueviajesjl.com\/?page_id=18"},"modified":"2025-03-18T12:34:58","modified_gmt":"2025-03-18T11:34:58","slug":"cookies","status":"publish","type":"page","link":"https:\/\/masqueviajesjl.com\/fr\/cookies\/","title":{"rendered":"Politique en mati\u00e8re de cookies"},"content":{"rendered":"<div data-elementor-type=\"wp-page\" data-elementor-id=\"18\" class=\"elementor elementor-18\" data-elementor-post-type=\"page\">\n\t\t\t\t<div class=\"elementor-element elementor-element-506d021 e-flex e-con-boxed e-con e-parent\" data-id=\"506d021\" data-element_type=\"container\" data-e-type=\"container\" data-settings=\"{&quot;background_background&quot;:&quot;classic&quot;}\">\n\t\t\t\t\t<div class=\"e-con-inner\">\n\t\t<div class=\"elementor-element elementor-element-eb1ab59 e-con-full e-flex e-con e-child\" data-id=\"eb1ab59\" data-element_type=\"container\" data-e-type=\"container\">\n\t\t<div class=\"elementor-element elementor-element-fd7ef28 e-con-full e-flex elementor-invisible e-con e-child\" data-id=\"fd7ef28\" data-element_type=\"container\" data-e-type=\"container\" data-settings=\"{&quot;animation&quot;:&quot;fadeInLeft&quot;}\">\n\t\t\t\t<div class=\"elementor-element elementor-element-1dda461 elementor-widget elementor-widget-elementskit-heading\" data-id=\"1dda461\" data-element_type=\"widget\" data-e-type=\"widget\" data-widget_type=\"elementskit-heading.default\">\n\t\t\t\t<div class=\"elementor-widget-container\">\n\t\t\t\t\t<div class=\"ekit-wid-con\" ><div class=\"ekit-heading elementskit-section-title-wraper text_left   ekit_heading_tablet-   ekit_heading_mobile-text_center\"><\/div><\/div>\t\t\t\t<\/div>\n\t\t\t\t<\/div>\n\t\t\t\t<\/div>\n\t\t<div class=\"elementor-element elementor-element-6e032d1 e-con-full e-flex elementor-invisible e-con e-child\" data-id=\"6e032d1\" data-element_type=\"container\" data-e-type=\"container\" data-settings=\"{&quot;animation&quot;:&quot;fadeInRight&quot;}\">\n\t\t<div class=\"elementor-element elementor-element-950cabc e-con-full e-flex e-con e-child\" data-id=\"950cabc\" data-element_type=\"container\" data-e-type=\"container\">\n\t\t\t\t<div class=\"elementor-element elementor-element-c46c227 elementor-icon-list--layout-inline elementor-align-end elementor-list-item-link-full_width elementor-widget elementor-widget-icon-list\" data-id=\"c46c227\" data-element_type=\"widget\" data-e-type=\"widget\" data-widget_type=\"icon-list.default\">\n\t\t\t\t<div class=\"elementor-widget-container\">\n\t\t\t\t\t\t\t<ul class=\"elementor-icon-list-items elementor-inline-items\">\n\t\t\t\t\t\t\t<li class=\"elementor-icon-list-item elementor-inline-item\">\n\t\t\t\t\t\t\t\t\t\t\t<a href=\"https:\/\/masqueviajesjl.com\/fr\">\n\n\t\t\t\t\t\t\t\t\t\t\t<span class=\"elementor-icon-list-text\">Accueil<\/span>\n\t\t\t\t\t\t\t\t\t\t\t<\/a>\n\t\t\t\t\t\t\t\t\t<\/li>\n\t\t\t\t\t\t\t\t<li class=\"elementor-icon-list-item elementor-inline-item\">\n\t\t\t\t\t\t\t\t\t\t<span class=\"elementor-icon-list-text\"><\/span>\n\t\t\t\t\t\t\t\t\t<\/li>\n\t\t\t\t\t\t<\/ul>\n\t\t\t\t\t\t<\/div>\n\t\t\t\t<\/div>\n\t\t\t\t<\/div>\n\t\t\t\t<\/div>\n\t\t\t\t<\/div>\n\t\t\t\t\t<\/div>\n\t\t\t\t<\/div>\n\t\t<div class=\"elementor-element elementor-element-b57349c e-flex e-con-boxed e-con e-parent\" data-id=\"b57349c\" data-element_type=\"container\" data-e-type=\"container\">\n\t\t\t\t\t<div class=\"e-con-inner\">\n\t\t\t\t<div class=\"elementor-element elementor-element-1e7e4ed elementor-widget elementor-widget-text-editor\" data-id=\"1e7e4ed\" data-element_type=\"widget\" data-e-type=\"widget\" data-widget_type=\"text-editor.default\">\n\t\t\t\t<div class=\"elementor-widget-container\">\n\t\t\t\t\t\t\t\t\t<div class=\"row\"><div class=\"col-xl-10 mx-auto\"><div class=\"paper\"><header class=\"text-center\"><h4>\u00a0<\/h4><\/header><div><p>L'acc\u00e8s \u00e0 ce site Web peut impliquer l'utilisation de cookies. Les cookies sont de petites quantit\u00e9s d'informations qui sont stock\u00e9es dans le navigateur utilis\u00e9 par chaque utilisateur - dans les diff\u00e9rents dispositifs qui peuvent \u00eatre utilis\u00e9s pour naviguer - afin que le serveur se souvienne de certaines informations qui ne seront ensuite lues que par le serveur qui les a impl\u00e9ment\u00e9es. Les cookies facilitent la navigation, la rendent plus conviviale et n'endommagent pas le dispositif de navigation.<\/p><p>Les cookies sont des proc\u00e9dures automatiques de collecte d'informations relatives aux pr\u00e9f\u00e9rences d\u00e9termin\u00e9es par l'utilisateur lors de sa visite sur le site Web afin de le reconna\u00eetre en tant qu'utilisateur et de personnaliser son exp\u00e9rience et son utilisation du site Web, et peuvent \u00e9galement, par exemple, aider \u00e0 identifier et \u00e0 r\u00e9soudre des erreurs.<\/p><p>Les informations collect\u00e9es par le biais des cookies peuvent inclure la date et l'heure des visites sur le site web, les pages consult\u00e9es, le temps pass\u00e9 sur le site web et les sites visit\u00e9s juste avant et juste apr\u00e8s le site web. Toutefois, aucun cookie ne permet de contacter le num\u00e9ro de t\u00e9l\u00e9phone de l'utilisateur ou tout autre moyen de contact personnel. Aucun cookie ne peut extraire des informations du disque dur de l'utilisateur ou voler des informations personnelles. Le seul moyen pour que les informations priv\u00e9es de l'utilisateur fassent partie du fichier Cookie est que l'utilisateur donne personnellement ces informations au serveur.<\/p><p>Les cookies qui permettent d'identifier une personne sont consid\u00e9r\u00e9s comme des donn\u00e9es \u00e0 caract\u00e8re personnel. Par cons\u00e9quent, la politique de confidentialit\u00e9 susmentionn\u00e9e leur est applicable. \u00c0 cet \u00e9gard, l'utilisation de cookies requiert le consentement de l'utilisateur. Ce consentement sera communiqu\u00e9, sur la base d'un v\u00e9ritable choix, offert par le biais d'une d\u00e9cision affirmative et positive, avant le traitement initial, amovible et document\u00e9.<\/p><div class=\"\"><h4>Ses propres biscuits<\/h4><p>Il s'agit de cookies envoy\u00e9s \u00e0 l'ordinateur ou \u00e0 l'appareil de l'utilisateur et g\u00e9r\u00e9s exclusivement par <span class=\"blanc-space ng-binding\">PLUS QUE DES VOYAGES JL<\/span> pour un meilleur fonctionnement du site web. Les informations collect\u00e9es sont utilis\u00e9es pour am\u00e9liorer la qualit\u00e9 du site web et de son contenu ainsi que votre exp\u00e9rience en tant qu'utilisateur. Ces cookies permettent de reconna\u00eetre l'utilisateur en tant que visiteur r\u00e9current du site web et d'adapter le contenu pour lui offrir un contenu adapt\u00e9 \u00e0 ses pr\u00e9f\u00e9rences.<\/p><\/div><div class=\"thirdCookies ng-hide\"><h4>Cookies de tiers<\/h4><p>Il s'agit de cookies utilis\u00e9s et g\u00e9r\u00e9s par des entit\u00e9s externes qui fournissent \u00e0 <span class=\"blanc-space ng-binding\">PLUS QUE DES VOYAGES JL<\/span> les services demand\u00e9s par l'utilisateur afin d'am\u00e9liorer le site web et l'exp\u00e9rience de l'utilisateur lorsqu'il navigue sur le site web. Les principaux objectifs de l'utilisation de cookies de tiers sont l'obtention de statistiques d'acc\u00e8s et l'analyse des informations de navigation, c'est-\u00e0-dire la mani\u00e8re dont l'utilisateur interagit avec le site Web.<\/p><p>Les informations obtenues se r\u00e9f\u00e8rent, par exemple, au nombre de pages visit\u00e9es, \u00e0 la langue, au lieu o\u00f9 se trouve l'adresse IP \u00e0 partir de laquelle l'utilisateur acc\u00e8de, au nombre d'utilisateurs qui acc\u00e8dent, \u00e0 la fr\u00e9quence et \u00e0 la r\u00e9currence des visites, \u00e0 l'heure de la visite, au navigateur utilis\u00e9, \u00e0 l'op\u00e9rateur ou au type d'appareil \u00e0 partir duquel la visite est effectu\u00e9e. Ces informations sont utilis\u00e9es pour am\u00e9liorer le site Web et pour d\u00e9tecter de nouveaux besoins afin d'offrir aux utilisateurs un contenu et\/ou un service de qualit\u00e9 optimale. Dans tous les cas, les informations sont collect\u00e9es de mani\u00e8re anonyme et des rapports sur les tendances du site sont \u00e9tablis sans identifier les utilisateurs individuels.<\/p><p>Vous pouvez obtenir plus d'informations sur les cookies, les informations relatives \u00e0 la vie priv\u00e9e, ou consulter la description du type de cookies utilis\u00e9s, leurs principales caract\u00e9ristiques, leur p\u00e9riode d'expiration, etc. sur le(s) lien(s) suivant(s) :\u00a0<span style=\"text-align: var(--text-align); background-color: var( --e-global-color-secondary ); color: var( --e-global-color-text ); font-family: var( --e-global-typography-text-font-family ), Sans-serif; font-size: var( --e-global-typography-text-font-size ); font-weight: var( --e-global-typography-text-font-weight );\">La ou les entit\u00e9s responsables de la fourniture de cookies peuvent transf\u00e9rer ces informations \u00e0 des tiers, lorsque la loi l'exige ou lorsqu'un tiers traite ces informations pour ces entit\u00e9s.<\/span><\/p><\/div><div class=\"ng-hide\"><h4>Cookies des m\u00e9dias sociaux<\/h4><p><span class=\"blanc-space ng-binding\">PLUS QUE DES VOYAGES JL<\/span> int\u00e8gre des plugins de m\u00e9dias sociaux, qui permettent d'acc\u00e9der aux r\u00e9seaux sociaux \u00e0 partir du site web. Pour cette raison, des cookies de r\u00e9seaux sociaux peuvent \u00eatre stock\u00e9s dans le navigateur de l'utilisateur. Les propri\u00e9taires de ces r\u00e9seaux sociaux ont leurs propres politiques en mati\u00e8re de protection des donn\u00e9es et de cookies, \u00e9tant eux-m\u00eames, dans chaque cas, responsables de leurs propres fichiers et de leurs propres pratiques en mati\u00e8re de confidentialit\u00e9. L'utilisateur doit s'y r\u00e9f\u00e9rer pour obtenir des informations sur ces cookies et, le cas \u00e9ch\u00e9ant, sur le traitement de ses donn\u00e9es personnelles. \u00c0 titre d'information uniquement, les liens permettant de consulter ces politiques de confidentialit\u00e9 et\/ou de cookies sont indiqu\u00e9s ci-dessous :<\/p><ul><li>Facebook : <a class=\"text-info\" href=\"https:\/\/www.facebook.com\/policies\/cookies\/\">https:\/\/www.facebook.com\/policies\/cookies\/<\/a><\/li><li>Twitter : <a class=\"text-info\" href=\"https:\/\/twitter.com\/es\/privacy\">https:\/\/twitter.com\/es\/privacy<\/a><\/li><li>Instagram : <a class=\"text-info\" href=\"https:\/\/help.instagram.com\/1896641480634370?ref=ig\">https:\/\/help.instagram.com\/1896641480634370?ref=ig<\/a><\/li><li>YouTube : <a class=\"text-info\" href=\"https:\/\/policies.google.com\/privacy?hl=es-419&amp;gl=mx\">https:\/\/policies.google.com\/privacy?hl=es-419&amp;gl=mx<\/a><\/li><li>Pinterest : <a class=\"text-info\" href=\"https:\/\/policy.pinterest.com\/es\/privacy-policy\">https:\/\/policy.pinterest.com\/es\/privacy-policy<\/a><\/li><li>LinkedIn : <a class=\"text-info\" href=\"https:\/\/www.linkedin.com\/legal\/cookie-policy?trk=hp-cookies\">https:\/\/www.linkedin.com\/legal\/cookie-policy?trk=hp-cookies<\/a><\/li><\/ul><\/div><h4>D\u00e9sactivation, rejet et suppression des cookies<\/h4><p>L'utilisateur peut d\u00e9sactiver, refuser et supprimer les cookies - en tout ou en partie - install\u00e9s sur son appareil en configurant son navigateur (notamment Chrome, Firefox, Safari, Explorer). A cet \u00e9gard, les proc\u00e9dures de refus et de suppression des cookies peuvent diff\u00e9rer d'un navigateur Internet \u00e0 l'autre. Par cons\u00e9quent, l'Utilisateur doit suivre les instructions fournies par le navigateur Internet qu'il utilise. Si vous refusez l'utilisation de cookies - totalement ou partiellement - vous pouvez continuer \u00e0 utiliser le site Web, bien que l'utilisation de certaines de ses fonctions puisse \u00eatre limit\u00e9e.<\/p><\/div><\/div><\/div><\/div>\t\t\t\t\t\t\t\t<\/div>\n\t\t\t\t<\/div>\n\t\t\t\t\t<\/div>\n\t\t\t\t<\/div>\n\t\t\t\t<\/div>","protected":false},"excerpt":{"rendered":"<p>Inicio \u00a0 El acceso a este Sitio Web puede implicar la utilizaci\u00f3n de cookies. Las cookies son peque\u00f1as cantidades de informaci\u00f3n que se almacenan en el navegador utilizado por cada Usuario \u2014en los distintos dispositivos que pueda utilizar para navegar\u2014 para que el servidor recuerde cierta informaci\u00f3n que posteriormente y \u00fanicamente el servidor que la [&hellip;]<\/p>\n","protected":false},"author":2,"featured_media":0,"parent":0,"menu_order":0,"comment_status":"closed","ping_status":"open","template":"elementor_header_footer","meta":{"_glsr_average":0,"_glsr_ranking":0,"_glsr_reviews":0,"_joinchat":[],"footnotes":""},"class_list":["post-18","page","type-page","status-publish","hentry"],"yoast_head":"<!-- This site is optimized with the Yoast SEO plugin v27.3 - https:\/\/yoast.com\/product\/yoast-seo-wordpress\/ -->\n<title>Pol\u00edtica de cookies - Mas que viajes JL<\/title>\n<meta name=\"robots\" content=\"noindex, nofollow\" \/>\n<meta property=\"og:locale\" content=\"fr_FR\" \/>\n<meta property=\"og:type\" content=\"article\" \/>\n<meta property=\"og:title\" content=\"Pol\u00edtica de cookies - Mas que viajes JL\" \/>\n<meta property=\"og:description\" content=\"Inicio \u00a0 El acceso a este Sitio Web puede implicar la utilizaci\u00f3n de cookies. Las cookies son peque\u00f1as cantidades de informaci\u00f3n que se almacenan en el navegador utilizado por cada Usuario \u2014en los distintos dispositivos que pueda utilizar para navegar\u2014 para que el servidor recuerde cierta informaci\u00f3n que posteriormente y \u00fanicamente el servidor que la [&hellip;]\" \/>\n<meta property=\"og:url\" content=\"https:\/\/masqueviajesjl.com\/fr\/cookies\/\" \/>\n<meta property=\"og:site_name\" content=\"Mas que viajes JL\" \/>\n<meta property=\"article:modified_time\" content=\"2025-03-18T11:34:58+00:00\" \/>\n<meta name=\"twitter:card\" content=\"summary_large_image\" \/>\n<meta name=\"twitter:label1\" content=\"Dur\u00e9e de lecture estim\u00e9e\" \/>\n\t<meta name=\"twitter:data1\" content=\"4 minutes\" \/>\n<script type=\"application\/ld+json\" class=\"yoast-schema-graph\">{\"@context\":\"https:\\\/\\\/schema.org\",\"@graph\":[{\"@type\":\"WebPage\",\"@id\":\"https:\\\/\\\/masqueviajesjl.com\\\/cookies\\\/\",\"url\":\"https:\\\/\\\/masqueviajesjl.com\\\/cookies\\\/\",\"name\":\"Pol\u00edtica de cookies - Mas que viajes JL\",\"isPartOf\":{\"@id\":\"https:\\\/\\\/masqueviajesjl.com\\\/#website\"},\"datePublished\":\"2025-01-27T07:52:13+00:00\",\"dateModified\":\"2025-03-18T11:34:58+00:00\",\"breadcrumb\":{\"@id\":\"https:\\\/\\\/masqueviajesjl.com\\\/cookies\\\/#breadcrumb\"},\"inLanguage\":\"fr-FR\",\"potentialAction\":[{\"@type\":\"ReadAction\",\"target\":[\"https:\\\/\\\/masqueviajesjl.com\\\/cookies\\\/\"]}]},{\"@type\":\"BreadcrumbList\",\"@id\":\"https:\\\/\\\/masqueviajesjl.com\\\/cookies\\\/#breadcrumb\",\"itemListElement\":[{\"@type\":\"ListItem\",\"position\":1,\"name\":\"Portada\",\"item\":\"https:\\\/\\\/masqueviajesjl.com\\\/\"},{\"@type\":\"ListItem\",\"position\":2,\"name\":\"Pol\u00edtica de cookies\"}]},{\"@type\":\"WebSite\",\"@id\":\"https:\\\/\\\/masqueviajesjl.com\\\/#website\",\"url\":\"https:\\\/\\\/masqueviajesjl.com\\\/\",\"name\":\"Mas que viajes JL\",\"description\":\"\",\"potentialAction\":[{\"@type\":\"SearchAction\",\"target\":{\"@type\":\"EntryPoint\",\"urlTemplate\":\"https:\\\/\\\/masqueviajesjl.com\\\/?s={search_term_string}\"},\"query-input\":{\"@type\":\"PropertyValueSpecification\",\"valueRequired\":true,\"valueName\":\"search_term_string\"}}],\"inLanguage\":\"fr-FR\"}]}<\/script>\n<!-- \/ Yoast SEO plugin. -->","yoast_head_json":{"title":"Pol\u00edtica de cookies - Mas que viajes JL","robots":{"index":"noindex","follow":"nofollow"},"og_locale":"fr_FR","og_type":"article","og_title":"Pol\u00edtica de cookies - Mas que viajes JL","og_description":"Inicio \u00a0 El acceso a este Sitio Web puede implicar la utilizaci\u00f3n de cookies. Las cookies son peque\u00f1as cantidades de informaci\u00f3n que se almacenan en el navegador utilizado por cada Usuario \u2014en los distintos dispositivos que pueda utilizar para navegar\u2014 para que el servidor recuerde cierta informaci\u00f3n que posteriormente y \u00fanicamente el servidor que la [&hellip;]","og_url":"https:\/\/masqueviajesjl.com\/fr\/cookies\/","og_site_name":"Mas que viajes JL","article_modified_time":"2025-03-18T11:34:58+00:00","twitter_card":"summary_large_image","twitter_misc":{"Dur\u00e9e de lecture estim\u00e9e":"4 minutes"},"schema":{"@context":"https:\/\/schema.org","@graph":[{"@type":"WebPage","@id":"https:\/\/masqueviajesjl.com\/cookies\/","url":"https:\/\/masqueviajesjl.com\/cookies\/","name":"Pol\u00edtica de cookies - Mas que viajes JL","isPartOf":{"@id":"https:\/\/masqueviajesjl.com\/#website"},"datePublished":"2025-01-27T07:52:13+00:00","dateModified":"2025-03-18T11:34:58+00:00","breadcrumb":{"@id":"https:\/\/masqueviajesjl.com\/cookies\/#breadcrumb"},"inLanguage":"fr-FR","potentialAction":[{"@type":"ReadAction","target":["https:\/\/masqueviajesjl.com\/cookies\/"]}]},{"@type":"BreadcrumbList","@id":"https:\/\/masqueviajesjl.com\/cookies\/#breadcrumb","itemListElement":[{"@type":"ListItem","position":1,"name":"Portada","item":"https:\/\/masqueviajesjl.com\/"},{"@type":"ListItem","position":2,"name":"Pol\u00edtica de cookies"}]},{"@type":"WebSite","@id":"https:\/\/masqueviajesjl.com\/#website","url":"https:\/\/masqueviajesjl.com\/","name":"Plus que le voyage JL","description":"","potentialAction":[{"@type":"SearchAction","target":{"@type":"EntryPoint","urlTemplate":"https:\/\/masqueviajesjl.com\/?s={search_term_string}"},"query-input":{"@type":"PropertyValueSpecification","valueRequired":true,"valueName":"search_term_string"}}],"inLanguage":"fr-FR"}]}},"_links":{"self":[{"href":"https:\/\/masqueviajesjl.com\/fr\/wp-json\/wp\/v2\/pages\/18","targetHints":{"allow":["GET"]}}],"collection":[{"href":"https:\/\/masqueviajesjl.com\/fr\/wp-json\/wp\/v2\/pages"}],"about":[{"href":"https:\/\/masqueviajesjl.com\/fr\/wp-json\/wp\/v2\/types\/page"}],"author":[{"embeddable":true,"href":"https:\/\/masqueviajesjl.com\/fr\/wp-json\/wp\/v2\/users\/2"}],"replies":[{"embeddable":true,"href":"https:\/\/masqueviajesjl.com\/fr\/wp-json\/wp\/v2\/comments?post=18"}],"version-history":[{"count":8,"href":"https:\/\/masqueviajesjl.com\/fr\/wp-json\/wp\/v2\/pages\/18\/revisions"}],"predecessor-version":[{"id":1580,"href":"https:\/\/masqueviajesjl.com\/fr\/wp-json\/wp\/v2\/pages\/18\/revisions\/1580"}],"wp:attachment":[{"href":"https:\/\/masqueviajesjl.com\/fr\/wp-json\/wp\/v2\/media?parent=18"}],"curies":[{"name":"wp","href":"https:\/\/api.w.org\/{rel}","templated":true}]}}