{"id":69,"date":"2025-02-21T15:56:18","date_gmt":"2025-02-21T14:56:18","guid":{"rendered":"https:\/\/masqueviajesjl.com\/?page_id=69"},"modified":"2025-03-18T12:39:34","modified_gmt":"2025-03-18T11:39:34","slug":"nosotros","status":"publish","type":"page","link":"https:\/\/masqueviajesjl.com\/es\/nosotros\/","title":{"rendered":"Nosotros"},"content":{"rendered":"\t\t<div data-elementor-type=\"wp-page\" data-elementor-id=\"69\" class=\"elementor elementor-69\" data-elementor-post-type=\"page\">\n\t\t\t\t<div class=\"elementor-element elementor-element-afe87ad e-flex e-con-boxed e-con e-parent\" data-id=\"afe87ad\" data-element_type=\"container\" data-e-type=\"container\" data-settings=\"{&quot;background_background&quot;:&quot;classic&quot;}\">\n\t\t\t\t\t<div class=\"e-con-inner\">\n\t\t<div class=\"elementor-element elementor-element-672ba7c e-con-full e-flex e-con e-child\" data-id=\"672ba7c\" data-element_type=\"container\" data-e-type=\"container\">\n\t\t<div class=\"elementor-element elementor-element-0af3578 e-con-full e-flex elementor-invisible e-con e-child\" data-id=\"0af3578\" data-element_type=\"container\" data-e-type=\"container\" data-settings=\"{&quot;animation&quot;:&quot;fadeInLeft&quot;}\">\n\t\t\t\t<div class=\"elementor-element elementor-element-5600647 elementor-widget elementor-widget-elementskit-heading\" data-id=\"5600647\" data-element_type=\"widget\" data-e-type=\"widget\" data-widget_type=\"elementskit-heading.default\">\n\t\t\t\t<div class=\"elementor-widget-container\">\n\t\t\t\t\t<div class=\"ekit-wid-con\" ><div class=\"ekit-heading elementskit-section-title-wraper text_left   ekit_heading_tablet-   ekit_heading_mobile-text_center\"><\/div><\/div>\t\t\t\t<\/div>\n\t\t\t\t<\/div>\n\t\t\t\t<\/div>\n\t\t<div class=\"elementor-element elementor-element-36217ad e-con-full e-flex elementor-invisible e-con e-child\" data-id=\"36217ad\" data-element_type=\"container\" data-e-type=\"container\" data-settings=\"{&quot;animation&quot;:&quot;fadeInRight&quot;}\">\n\t\t<div class=\"elementor-element elementor-element-b8482bb e-con-full e-flex e-con e-child\" data-id=\"b8482bb\" data-element_type=\"container\" data-e-type=\"container\">\n\t\t\t\t<div class=\"elementor-element elementor-element-d5bceeb elementor-icon-list--layout-inline elementor-align-end elementor-list-item-link-full_width elementor-widget elementor-widget-icon-list\" data-id=\"d5bceeb\" data-element_type=\"widget\" data-e-type=\"widget\" data-widget_type=\"icon-list.default\">\n\t\t\t\t<div class=\"elementor-widget-container\">\n\t\t\t\t\t\t\t<ul class=\"elementor-icon-list-items elementor-inline-items\">\n\t\t\t\t\t\t\t<li class=\"elementor-icon-list-item elementor-inline-item\">\n\t\t\t\t\t\t\t\t\t\t\t<a href=\"https:\/\/masqueviajesjl.com\/es\">\n\n\t\t\t\t\t\t\t\t\t\t\t<span class=\"elementor-icon-list-text\">Inicio<\/span>\n\t\t\t\t\t\t\t\t\t\t\t<\/a>\n\t\t\t\t\t\t\t\t\t<\/li>\n\t\t\t\t\t\t\t\t<li class=\"elementor-icon-list-item elementor-inline-item\">\n\t\t\t\t\t\t\t\t\t\t<span class=\"elementor-icon-list-text\"><\/span>\n\t\t\t\t\t\t\t\t\t<\/li>\n\t\t\t\t\t\t<\/ul>\n\t\t\t\t\t\t<\/div>\n\t\t\t\t<\/div>\n\t\t\t\t<\/div>\n\t\t\t\t<\/div>\n\t\t\t\t<\/div>\n\t\t\t\t\t<\/div>\n\t\t\t\t<\/div>\n\t\t<div class=\"elementor-element elementor-element-0727cc0 e-flex e-con-boxed e-con e-parent\" data-id=\"0727cc0\" data-element_type=\"container\" data-e-type=\"container\">\n\t\t\t\t\t<div class=\"e-con-inner\">\n\t\t<div class=\"elementor-element elementor-element-797048d e-con-full e-flex e-con e-child\" data-id=\"797048d\" data-element_type=\"container\" data-e-type=\"container\">\n\t\t<div class=\"elementor-element elementor-element-e8509d2 e-con-full e-flex elementor-invisible e-con e-child\" data-id=\"e8509d2\" data-element_type=\"container\" data-e-type=\"container\" data-settings=\"{&quot;animation&quot;:&quot;fadeInLeft&quot;}\">\n\t\t\t\t<div class=\"elementor-element elementor-element-4a65372 elementor-widget elementor-widget-text-editor\" data-id=\"4a65372\" data-element_type=\"widget\" data-e-type=\"widget\" data-widget_type=\"text-editor.default\">\n\t\t\t\t<div class=\"elementor-widget-container\">\n\t\t\t\t\t\t\t\t\t<p>Me llamo Gema, soy natural de Granada, Espa\u00f1a. Soy una persona muy inquieta, con ganas de descubrir nuevas posibilidades y de explorar aquellos rincones del mundo que parecen inalcanzables.<\/p><p>Maestra de vocaci\u00f3n y, actualmente, estudiante de Diet\u00e9tica y Nutrici\u00f3n, tras un despido inesperado y estar inactiva por una enfermedad durante unos a\u00f1os, decid\u00ed dedicarme al cuidado y la atenci\u00f3n de las personas mayores, ofreci\u00e9ndoles todo mi cari\u00f1o, mi confianza y mi respeto.<\/p><p>A pesar de gustarme la labor que desempe\u00f1o con ellos, siempre he pensado que en la vida se puede aspirar a conseguir algo mejor, una oportunidad que te permita disfrutar, descubrir nuevos lugares, prosperar econ\u00f3micamente y, a la vez, ayudar a los dem\u00e1s.\u00a0<\/p>\t\t\t\t\t\t\t\t<\/div>\n\t\t\t\t<\/div>\n\t\t\t\t<\/div>\n\t\t<div class=\"elementor-element elementor-element-edbd4f2 e-con-full e-flex e-con e-child\" data-id=\"edbd4f2\" data-element_type=\"container\" data-e-type=\"container\">\n\t\t\t\t<div class=\"elementor-element elementor-element-aa2a761 elementor-hidden-mobile elementor-invisible elementor-widget elementor-widget-image\" data-id=\"aa2a761\" data-element_type=\"widget\" data-e-type=\"widget\" data-settings=\"{&quot;_animation&quot;:&quot;fadeInUp&quot;,&quot;_animation_delay&quot;:200}\" data-widget_type=\"image.default\">\n\t\t\t\t<div class=\"elementor-widget-container\">\n\t\t\t\t\t\t\t\t\t\t\t\t\t\t\t<img fetchpriority=\"high\" decoding=\"async\" width=\"232\" height=\"381\" src=\"https:\/\/masqueviajesjl.com\/wp-content\/uploads\/2025\/02\/Gema.jpg\" class=\"attachment-large size-large wp-image-938\" alt=\"Gema\" srcset=\"https:\/\/masqueviajesjl.com\/wp-content\/uploads\/2025\/02\/Gema.jpg 232w, https:\/\/masqueviajesjl.com\/wp-content\/uploads\/2025\/02\/Gema-183x300.jpg 183w\" sizes=\"(max-width: 232px) 100vw, 232px\" \/>\t\t\t\t\t\t\t\t\t\t\t\t\t\t\t<\/div>\n\t\t\t\t<\/div>\n\t\t\t\t<\/div>\n\t\t<div class=\"elementor-element elementor-element-319900e e-con-full e-flex elementor-invisible e-con e-child\" data-id=\"319900e\" data-element_type=\"container\" data-e-type=\"container\" data-settings=\"{&quot;animation&quot;:&quot;fadeInRight&quot;,&quot;animation_delay&quot;:600}\">\n\t\t\t\t<div class=\"elementor-element elementor-element-bd9e144 elementor-widget elementor-widget-text-editor\" data-id=\"bd9e144\" data-element_type=\"widget\" data-e-type=\"widget\" data-widget_type=\"text-editor.default\">\n\t\t\t\t<div class=\"elementor-widget-container\">\n\t\t\t\t\t\t\t\t\t<p><span style=\"font-weight: 400;\">He iniciado nuevos proyectos buscando una salida profesional que me diera flexibilidad, que me hiciera sentir bien conmigo misma, con la que disfrutara y pudiera seguir ayudando a los dem\u00e1s, pero ninguno de esos proyectos me ofrec\u00eda lo que yo quer\u00eda, acabando desanimada y tirando la toalla.<\/span><\/p><p><span style=\"font-weight: 400;\">\u00a0Ahora me he embarcado en la gran aventura de ser agente de viajes, viendo en esta carrera profesional reflejado el ansiado futuro que quiero para m\u00ed y las personas con las que convivo. Que el inicio de este emprendimiento marque una nueva etapa donde todos mis sue\u00f1os se hagan realidad. Deja volar tu imaginaci\u00f3n y ser\u00e1s libre.\u00a0<\/span><\/p>\t\t\t\t\t\t\t\t<\/div>\n\t\t\t\t<\/div>\n\t\t\t\t<div class=\"elementor-element elementor-element-89c6a4a elementor-widget elementor-widget-button\" data-id=\"89c6a4a\" data-element_type=\"widget\" data-e-type=\"widget\" data-widget_type=\"button.default\">\n\t\t\t\t<div class=\"elementor-widget-container\">\n\t\t\t\t\t\t\t\t\t<div class=\"elementor-button-wrapper\">\n\t\t\t\t\t<a class=\"elementor-button elementor-button-link elementor-size-sm\" href=\"https:\/\/masqueviajesjl.com\/tours-paquetes\/\">\n\t\t\t\t\t\t<span class=\"elementor-button-content-wrapper\">\n\t\t\t\t\t\t<span class=\"elementor-button-icon\">\n\t\t\t\t<svg aria-hidden=\"true\" class=\"e-font-icon-svg e-fas-chevron-circle-right\" viewBox=\"0 0 512 512\" xmlns=\"http:\/\/www.w3.org\/2000\/svg\"><path d=\"M256 8c137 0 248 111 248 248S393 504 256 504 8 393 8 256 119 8 256 8zm113.9 231L234.4 103.5c-9.4-9.4-24.6-9.4-33.9 0l-17 17c-9.4 9.4-9.4 24.6 0 33.9L285.1 256 183.5 357.6c-9.4 9.4-9.4 24.6 0 33.9l17 17c9.4 9.4 24.6 9.4 33.9 0L369.9 273c9.4-9.4 9.4-24.6 0-34z\"><\/path><\/svg>\t\t\t<\/span>\n\t\t\t\t\t\t\t\t\t<span class=\"elementor-button-text\">Conoce nuestros tours &amp;  paquetes<\/span>\n\t\t\t\t\t<\/span>\n\t\t\t\t\t<\/a>\n\t\t\t\t<\/div>\n\t\t\t\t\t\t\t\t<\/div>\n\t\t\t\t<\/div>\n\t\t\t\t<\/div>\n\t\t\t\t<\/div>\n\t\t\t\t\t<\/div>\n\t\t\t\t<\/div>\n\t\t<div class=\"elementor-element elementor-element-fc6d97e e-flex e-con-boxed e-con e-parent\" data-id=\"fc6d97e\" data-element_type=\"container\" data-e-type=\"container\" data-settings=\"{&quot;background_background&quot;:&quot;classic&quot;}\">\n\t\t\t\t\t<div class=\"e-con-inner\">\n\t\t<div class=\"elementor-element elementor-element-88eab0e e-con-full e-flex e-con e-child\" data-id=\"88eab0e\" data-element_type=\"container\" data-e-type=\"container\">\n\t\t<div class=\"elementor-element elementor-element-6fdb7e3 e-con-full e-flex e-con e-child\" data-id=\"6fdb7e3\" data-element_type=\"container\" data-e-type=\"container\">\n\t\t\t\t<div class=\"elementor-element elementor-element-0b5f93d elementor-widget__width-initial elementor-invisible elementor-widget elementor-widget-image\" data-id=\"0b5f93d\" data-element_type=\"widget\" data-e-type=\"widget\" data-settings=\"{&quot;_animation&quot;:&quot;fadeInDown&quot;}\" data-widget_type=\"image.default\">\n\t\t\t\t<div class=\"elementor-widget-container\">\n\t\t\t\t\t\t\t\t\t\t\t\t\t\t\t<img decoding=\"async\" width=\"265\" height=\"328\" src=\"https:\/\/masqueviajesjl.com\/wp-content\/uploads\/2025\/02\/Sin-titulo-8.jpg\" class=\"attachment-large size-large wp-image-973\" alt=\"\" srcset=\"https:\/\/masqueviajesjl.com\/wp-content\/uploads\/2025\/02\/Sin-titulo-8.jpg 265w, https:\/\/masqueviajesjl.com\/wp-content\/uploads\/2025\/02\/Sin-titulo-8-242x300.jpg 242w\" sizes=\"(max-width: 265px) 100vw, 265px\" \/>\t\t\t\t\t\t\t\t\t\t\t\t\t\t\t<\/div>\n\t\t\t\t<\/div>\n\t\t\t\t<div class=\"elementor-element elementor-element-b84fcbb elementor-widget__width-initial elementor-invisible elementor-widget elementor-widget-image\" data-id=\"b84fcbb\" data-element_type=\"widget\" data-e-type=\"widget\" data-settings=\"{&quot;_animation&quot;:&quot;fadeInUp&quot;,&quot;_animation_delay&quot;:200}\" data-widget_type=\"image.default\">\n\t\t\t\t<div class=\"elementor-widget-container\">\n\t\t\t\t\t\t\t\t\t\t\t\t\t\t\t<img decoding=\"async\" width=\"151\" height=\"190\" src=\"https:\/\/masqueviajesjl.com\/wp-content\/uploads\/2025\/02\/Sin-titulo-9.jpg\" class=\"attachment-large size-large wp-image-974\" alt=\"\" \/>\t\t\t\t\t\t\t\t\t\t\t\t\t\t\t<\/div>\n\t\t\t\t<\/div>\n\t\t\t\t<\/div>\n\t\t<div class=\"elementor-element elementor-element-4f8bb3f e-con-full e-flex elementor-invisible e-con e-child\" data-id=\"4f8bb3f\" data-element_type=\"container\" data-e-type=\"container\" data-settings=\"{&quot;animation&quot;:&quot;fadeInRight&quot;,&quot;animation_delay&quot;:400}\">\n\t\t\t\t<div class=\"elementor-element elementor-element-234610e elementor-widget elementor-widget-elementskit-heading\" data-id=\"234610e\" data-element_type=\"widget\" data-e-type=\"widget\" data-widget_type=\"elementskit-heading.default\">\n\t\t\t\t<div class=\"elementor-widget-container\">\n\t\t\t\t\t<div class=\"ekit-wid-con\" ><div class=\"ekit-heading elementskit-section-title-wraper text_left   ekit_heading_tablet-   ekit_heading_mobile-\"><h2 class=\"ekit-heading--title elementskit-section-title \"><span><span>Sobre<\/span><\/span> MAS QUE VIAJES JL<\/h2><\/div><\/div>\t\t\t\t<\/div>\n\t\t\t\t<\/div>\n\t\t\t\t<div class=\"elementor-element elementor-element-f9d9f13 elementor-widget elementor-widget-text-editor\" data-id=\"f9d9f13\" data-element_type=\"widget\" data-e-type=\"widget\" data-widget_type=\"text-editor.default\">\n\t\t\t\t<div class=\"elementor-widget-container\">\n\t\t\t\t\t\t\t\t\t<p>MAS QUE VIAJES JL es una agencia de viajes on-line asociada a la multinacional americana Archer Travel, que tiene agentes en todo el mundo. Ofreciendo viajes inolvidables a los mejores destinos y todo ello de la mano de un gran n\u00famero de distribuidores que van a marcar la diferencia en la elecci\u00f3n de tus vacaciones\u00a0<\/p>\t\t\t\t\t\t\t\t<\/div>\n\t\t\t\t<\/div>\n\t\t\t\t<\/div>\n\t\t\t\t<\/div>\n\t\t\t\t\t<\/div>\n\t\t\t\t<\/div>\n\t\t\t\t<\/div>\n\t\t","protected":false},"excerpt":{"rendered":"<p>Inicio Me llamo Gema, soy natural de Granada, Espa\u00f1a. Soy una persona muy inquieta, con ganas de descubrir nuevas posibilidades y de explorar aquellos rincones del mundo que parecen inalcanzables. Maestra de vocaci\u00f3n y, actualmente, estudiante de Diet\u00e9tica y Nutrici\u00f3n, tras un despido inesperado y estar inactiva por una enfermedad durante unos a\u00f1os, decid\u00ed dedicarme [&hellip;]<\/p>\n","protected":false},"author":7,"featured_media":388,"parent":0,"menu_order":0,"comment_status":"closed","ping_status":"closed","template":"elementor_header_footer","meta":{"_glsr_average":0,"_glsr_ranking":0,"_glsr_reviews":0,"_joinchat":[],"footnotes":""},"class_list":["post-69","page","type-page","status-publish","has-post-thumbnail","hentry"],"yoast_head":"<!-- This site is optimized with the Yoast SEO plugin v27.3 - https:\/\/yoast.com\/product\/yoast-seo-wordpress\/ -->\n<title>Mas que viajes JL - Qui\u00e9nes Somos y Nuestra Historia en Granada<\/title>\n<meta name=\"description\" content=\"Conoce MAS QUE VIAJES JL, agencia de viajes en Granada. Descubre nuestra historia, misi\u00f3n y compromiso para hacer de cada viaje una experiencia inolvidable.\" \/>\n<meta name=\"robots\" content=\"index, follow, max-snippet:-1, max-image-preview:large, max-video-preview:-1\" \/>\n<link rel=\"canonical\" href=\"https:\/\/masqueviajesjl.com\/es\/nosotros\/\" \/>\n<meta property=\"og:locale\" content=\"es_ES\" \/>\n<meta property=\"og:type\" content=\"article\" \/>\n<meta property=\"og:title\" content=\"Mas que viajes JL - Qui\u00e9nes Somos y Nuestra Historia en Granada\" \/>\n<meta property=\"og:description\" content=\"Conoce MAS QUE VIAJES JL, agencia de viajes en Granada. Descubre nuestra historia, misi\u00f3n y compromiso para hacer de cada viaje una experiencia inolvidable.\" \/>\n<meta property=\"og:url\" content=\"https:\/\/masqueviajesjl.com\/es\/nosotros\/\" \/>\n<meta property=\"og:site_name\" content=\"Mas que viajes JL\" \/>\n<meta property=\"article:modified_time\" content=\"2025-03-18T11:39:34+00:00\" \/>\n<meta property=\"og:image\" content=\"https:\/\/masqueviajesjl.com\/wp-content\/uploads\/2025\/02\/image-19258.jpg\" \/>\n\t<meta property=\"og:image:width\" content=\"300\" \/>\n\t<meta property=\"og:image:height\" content=\"270\" \/>\n\t<meta property=\"og:image:type\" content=\"image\/jpeg\" \/>\n<meta name=\"twitter:card\" content=\"summary_large_image\" \/>\n<meta name=\"twitter:label1\" content=\"Tiempo de lectura\" \/>\n\t<meta name=\"twitter:data1\" content=\"3 minutos\" \/>\n<script type=\"application\/ld+json\" class=\"yoast-schema-graph\">{\"@context\":\"https:\\\/\\\/schema.org\",\"@graph\":[{\"@type\":\"WebPage\",\"@id\":\"https:\\\/\\\/masqueviajesjl.com\\\/nosotros\\\/\",\"url\":\"https:\\\/\\\/masqueviajesjl.com\\\/nosotros\\\/\",\"name\":\"Mas que viajes JL - Qui\u00e9nes Somos y Nuestra Historia en Granada\",\"isPartOf\":{\"@id\":\"https:\\\/\\\/masqueviajesjl.com\\\/#website\"},\"primaryImageOfPage\":{\"@id\":\"https:\\\/\\\/masqueviajesjl.com\\\/nosotros\\\/#primaryimage\"},\"image\":{\"@id\":\"https:\\\/\\\/masqueviajesjl.com\\\/nosotros\\\/#primaryimage\"},\"thumbnailUrl\":\"https:\\\/\\\/masqueviajesjl.com\\\/wp-content\\\/uploads\\\/2025\\\/02\\\/image-19258.jpg\",\"datePublished\":\"2025-02-21T14:56:18+00:00\",\"dateModified\":\"2025-03-18T11:39:34+00:00\",\"description\":\"Conoce MAS QUE VIAJES JL, agencia de viajes en Granada. Descubre nuestra historia, misi\u00f3n y compromiso para hacer de cada viaje una experiencia inolvidable.\",\"breadcrumb\":{\"@id\":\"https:\\\/\\\/masqueviajesjl.com\\\/nosotros\\\/#breadcrumb\"},\"inLanguage\":\"es\",\"potentialAction\":[{\"@type\":\"ReadAction\",\"target\":[\"https:\\\/\\\/masqueviajesjl.com\\\/nosotros\\\/\"]}]},{\"@type\":\"ImageObject\",\"inLanguage\":\"es\",\"@id\":\"https:\\\/\\\/masqueviajesjl.com\\\/nosotros\\\/#primaryimage\",\"url\":\"https:\\\/\\\/masqueviajesjl.com\\\/wp-content\\\/uploads\\\/2025\\\/02\\\/image-19258.jpg\",\"contentUrl\":\"https:\\\/\\\/masqueviajesjl.com\\\/wp-content\\\/uploads\\\/2025\\\/02\\\/image-19258.jpg\",\"width\":300,\"height\":270},{\"@type\":\"BreadcrumbList\",\"@id\":\"https:\\\/\\\/masqueviajesjl.com\\\/nosotros\\\/#breadcrumb\",\"itemListElement\":[{\"@type\":\"ListItem\",\"position\":1,\"name\":\"Portada\",\"item\":\"https:\\\/\\\/masqueviajesjl.com\\\/\"},{\"@type\":\"ListItem\",\"position\":2,\"name\":\"Nosotros\"}]},{\"@type\":\"WebSite\",\"@id\":\"https:\\\/\\\/masqueviajesjl.com\\\/#website\",\"url\":\"https:\\\/\\\/masqueviajesjl.com\\\/\",\"name\":\"Mas que viajes JL\",\"description\":\"\",\"potentialAction\":[{\"@type\":\"SearchAction\",\"target\":{\"@type\":\"EntryPoint\",\"urlTemplate\":\"https:\\\/\\\/masqueviajesjl.com\\\/?s={search_term_string}\"},\"query-input\":{\"@type\":\"PropertyValueSpecification\",\"valueRequired\":true,\"valueName\":\"search_term_string\"}}],\"inLanguage\":\"es\"}]}<\/script>\n<!-- \/ Yoast SEO plugin. -->","yoast_head_json":{"title":"Mas que viajes JL - Qui\u00e9nes Somos y Nuestra Historia en Granada","description":"Conoce MAS QUE VIAJES JL, agencia de viajes en Granada. Descubre nuestra historia, misi\u00f3n y compromiso para hacer de cada viaje una experiencia inolvidable.","robots":{"index":"index","follow":"follow","max-snippet":"max-snippet:-1","max-image-preview":"max-image-preview:large","max-video-preview":"max-video-preview:-1"},"canonical":"https:\/\/masqueviajesjl.com\/es\/nosotros\/","og_locale":"es_ES","og_type":"article","og_title":"Mas que viajes JL - Qui\u00e9nes Somos y Nuestra Historia en Granada","og_description":"Conoce MAS QUE VIAJES JL, agencia de viajes en Granada. Descubre nuestra historia, misi\u00f3n y compromiso para hacer de cada viaje una experiencia inolvidable.","og_url":"https:\/\/masqueviajesjl.com\/es\/nosotros\/","og_site_name":"Mas que viajes JL","article_modified_time":"2025-03-18T11:39:34+00:00","og_image":[{"width":300,"height":270,"url":"https:\/\/masqueviajesjl.com\/wp-content\/uploads\/2025\/02\/image-19258.jpg","type":"image\/jpeg"}],"twitter_card":"summary_large_image","twitter_misc":{"Tiempo de lectura":"3 minutos"},"schema":{"@context":"https:\/\/schema.org","@graph":[{"@type":"WebPage","@id":"https:\/\/masqueviajesjl.com\/nosotros\/","url":"https:\/\/masqueviajesjl.com\/nosotros\/","name":"Mas que viajes JL - Qui\u00e9nes Somos y Nuestra Historia en Granada","isPartOf":{"@id":"https:\/\/masqueviajesjl.com\/#website"},"primaryImageOfPage":{"@id":"https:\/\/masqueviajesjl.com\/nosotros\/#primaryimage"},"image":{"@id":"https:\/\/masqueviajesjl.com\/nosotros\/#primaryimage"},"thumbnailUrl":"https:\/\/masqueviajesjl.com\/wp-content\/uploads\/2025\/02\/image-19258.jpg","datePublished":"2025-02-21T14:56:18+00:00","dateModified":"2025-03-18T11:39:34+00:00","description":"Conoce MAS QUE VIAJES JL, agencia de viajes en Granada. Descubre nuestra historia, misi\u00f3n y compromiso para hacer de cada viaje una experiencia inolvidable.","breadcrumb":{"@id":"https:\/\/masqueviajesjl.com\/nosotros\/#breadcrumb"},"inLanguage":"es","potentialAction":[{"@type":"ReadAction","target":["https:\/\/masqueviajesjl.com\/nosotros\/"]}]},{"@type":"ImageObject","inLanguage":"es","@id":"https:\/\/masqueviajesjl.com\/nosotros\/#primaryimage","url":"https:\/\/masqueviajesjl.com\/wp-content\/uploads\/2025\/02\/image-19258.jpg","contentUrl":"https:\/\/masqueviajesjl.com\/wp-content\/uploads\/2025\/02\/image-19258.jpg","width":300,"height":270},{"@type":"BreadcrumbList","@id":"https:\/\/masqueviajesjl.com\/nosotros\/#breadcrumb","itemListElement":[{"@type":"ListItem","position":1,"name":"Portada","item":"https:\/\/masqueviajesjl.com\/"},{"@type":"ListItem","position":2,"name":"Nosotros"}]},{"@type":"WebSite","@id":"https:\/\/masqueviajesjl.com\/#website","url":"https:\/\/masqueviajesjl.com\/","name":"Mas que viajes JL","description":"","potentialAction":[{"@type":"SearchAction","target":{"@type":"EntryPoint","urlTemplate":"https:\/\/masqueviajesjl.com\/?s={search_term_string}"},"query-input":{"@type":"PropertyValueSpecification","valueRequired":true,"valueName":"search_term_string"}}],"inLanguage":"es"}]}},"_links":{"self":[{"href":"https:\/\/masqueviajesjl.com\/es\/wp-json\/wp\/v2\/pages\/69","targetHints":{"allow":["GET"]}}],"collection":[{"href":"https:\/\/masqueviajesjl.com\/es\/wp-json\/wp\/v2\/pages"}],"about":[{"href":"https:\/\/masqueviajesjl.com\/es\/wp-json\/wp\/v2\/types\/page"}],"author":[{"embeddable":true,"href":"https:\/\/masqueviajesjl.com\/es\/wp-json\/wp\/v2\/users\/7"}],"replies":[{"embeddable":true,"href":"https:\/\/masqueviajesjl.com\/es\/wp-json\/wp\/v2\/comments?post=69"}],"version-history":[{"count":47,"href":"https:\/\/masqueviajesjl.com\/es\/wp-json\/wp\/v2\/pages\/69\/revisions"}],"predecessor-version":[{"id":1587,"href":"https:\/\/masqueviajesjl.com\/es\/wp-json\/wp\/v2\/pages\/69\/revisions\/1587"}],"wp:featuredmedia":[{"embeddable":true,"href":"https:\/\/masqueviajesjl.com\/es\/wp-json\/wp\/v2\/media\/388"}],"wp:attachment":[{"href":"https:\/\/masqueviajesjl.com\/es\/wp-json\/wp\/v2\/media?parent=69"}],"curies":[{"name":"wp","href":"https:\/\/api.w.org\/{rel}","templated":true}]}}