{"id":76,"date":"2025-02-21T15:56:45","date_gmt":"2025-02-21T14:56:45","guid":{"rendered":"https:\/\/masqueviajesjl.com\/?page_id=76"},"modified":"2025-03-18T12:41:28","modified_gmt":"2025-03-18T11:41:28","slug":"opiniones","status":"publish","type":"page","link":"https:\/\/masqueviajesjl.com\/en\/opiniones\/","title":{"rendered":"Opinions"},"content":{"rendered":"\t\t<div data-elementor-type=\"wp-page\" data-elementor-id=\"76\" class=\"elementor elementor-76\" data-elementor-post-type=\"page\">\n\t\t\t\t<div class=\"elementor-element elementor-element-f88812e e-flex e-con-boxed e-con e-parent\" data-id=\"f88812e\" data-element_type=\"container\" data-e-type=\"container\" data-settings=\"{&quot;background_background&quot;:&quot;classic&quot;}\">\n\t\t\t\t\t<div class=\"e-con-inner\">\n\t\t<div class=\"elementor-element elementor-element-000595b e-con-full e-flex e-con e-child\" data-id=\"000595b\" data-element_type=\"container\" data-e-type=\"container\">\n\t\t<div class=\"elementor-element elementor-element-336c879 e-con-full e-flex elementor-invisible e-con e-child\" data-id=\"336c879\" data-element_type=\"container\" data-e-type=\"container\" data-settings=\"{&quot;animation&quot;:&quot;fadeInLeft&quot;}\">\n\t\t\t\t<div class=\"elementor-element elementor-element-ebcf93b elementor-widget elementor-widget-elementskit-heading\" data-id=\"ebcf93b\" data-element_type=\"widget\" data-e-type=\"widget\" data-widget_type=\"elementskit-heading.default\">\n\t\t\t\t<div class=\"elementor-widget-container\">\n\t\t\t\t\t<div class=\"ekit-wid-con\" ><div class=\"ekit-heading elementskit-section-title-wraper text_left   ekit_heading_tablet-   ekit_heading_mobile-text_center\"><\/div><\/div>\t\t\t\t<\/div>\n\t\t\t\t<\/div>\n\t\t\t\t<\/div>\n\t\t<div class=\"elementor-element elementor-element-2941fde e-con-full e-flex elementor-invisible e-con e-child\" data-id=\"2941fde\" data-element_type=\"container\" data-e-type=\"container\" data-settings=\"{&quot;animation&quot;:&quot;fadeInRight&quot;}\">\n\t\t<div class=\"elementor-element elementor-element-aeca6ad e-con-full e-flex e-con e-child\" data-id=\"aeca6ad\" data-element_type=\"container\" data-e-type=\"container\">\n\t\t\t\t<div class=\"elementor-element elementor-element-d686cca elementor-icon-list--layout-inline elementor-align-end elementor-list-item-link-full_width elementor-widget elementor-widget-icon-list\" data-id=\"d686cca\" data-element_type=\"widget\" data-e-type=\"widget\" data-widget_type=\"icon-list.default\">\n\t\t\t\t<div class=\"elementor-widget-container\">\n\t\t\t\t\t\t\t<ul class=\"elementor-icon-list-items elementor-inline-items\">\n\t\t\t\t\t\t\t<li class=\"elementor-icon-list-item elementor-inline-item\">\n\t\t\t\t\t\t\t\t\t\t\t<a href=\"https:\/\/masqueviajesjl.com\/en\">\n\n\t\t\t\t\t\t\t\t\t\t\t<span class=\"elementor-icon-list-text\">Inicio<\/span>\n\t\t\t\t\t\t\t\t\t\t\t<\/a>\n\t\t\t\t\t\t\t\t\t<\/li>\n\t\t\t\t\t\t\t\t<li class=\"elementor-icon-list-item elementor-inline-item\">\n\t\t\t\t\t\t\t\t\t\t<span class=\"elementor-icon-list-text\"><\/span>\n\t\t\t\t\t\t\t\t\t<\/li>\n\t\t\t\t\t\t<\/ul>\n\t\t\t\t\t\t<\/div>\n\t\t\t\t<\/div>\n\t\t\t\t<\/div>\n\t\t\t\t<\/div>\n\t\t\t\t<\/div>\n\t\t\t\t\t<\/div>\n\t\t\t\t<\/div>\n\t\t<div class=\"elementor-element elementor-element-3461550 e-flex e-con-boxed e-con e-parent\" data-id=\"3461550\" data-element_type=\"container\" data-e-type=\"container\">\n\t\t\t\t\t<div class=\"e-con-inner\">\n\t\t\t\t<div class=\"elementor-element elementor-element-4c00e5f elementor-widget elementor-widget-heading\" data-id=\"4c00e5f\" data-element_type=\"widget\" data-e-type=\"widget\" data-widget_type=\"heading.default\">\n\t\t\t\t<div class=\"elementor-widget-container\">\n\t\t\t\t\t<h2 class=\"elementor-heading-title elementor-size-default\">\u00daltimas opiniones:<\/h2>\t\t\t\t<\/div>\n\t\t\t\t<\/div>\n\t\t\t\t<div class=\"elementor-element elementor-element-c534aa5 elementor-widget elementor-widget-shortcode\" data-id=\"c534aa5\" data-element_type=\"widget\" data-e-type=\"widget\" data-widget_type=\"shortcode.default\">\n\t\t\t\t<div class=\"elementor-widget-container\">\n\t\t\t\t\t\t\t<div class=\"elementor-shortcode\"><div class=\"shortcode-site-reviews\"><div class=\"glsr glsr-elementor\" id=\"m7h8fsyf\" data-from=\"shortcode\" data-shortcode=\"site_reviews\"><div class=\"glsr-reviews-wrap\">\n    <div class=\"glsr-reviews\">\n        <div class=\"glsr-review\" data-id=\"1135\" data-type=\"local\" id=\"review-1135\" data-assigned='[]'>\n    <div class=\"glsr-review-title\"><h4 class=\"glsr-tag-value\">asdas<\/h4><\/div>\n    <div class=\"glsr-review-rating\"><div class=\"glsr-star-rating glsr-stars\" role=\"img\" aria-label=\"Rated 5 out of 5 stars\" data-rating=\"5\" data-reviews=\"0\"><span class=\"glsr-star glsr-star-full\" aria-hidden=\"true\"><\/span><span class=\"glsr-star glsr-star-full\" aria-hidden=\"true\"><\/span><span class=\"glsr-star glsr-star-full\" aria-hidden=\"true\"><\/span><span class=\"glsr-star glsr-star-full\" aria-hidden=\"true\"><\/span><span class=\"glsr-star glsr-star-full\" aria-hidden=\"true\"><\/span><\/div><\/div> <div class=\"glsr-review-date\"><span class=\"glsr-tag-value\">23 de February de 2025<\/span><\/div>\n    \n    <div class=\"glsr-review-content\"><div class=\"glsr-tag-value\" data-expanded=\"false\"><p>asdasdasd<\/p><\/div><\/div>\n    \n    <div class=\"glsr-review-author\"><span class=\"glsr-tag-value\">sada<\/span><\/div>  \n    \n<\/div>\n    <\/div>\n    \n<\/div><\/div><\/div><\/div>\n\t\t\t\t\t\t<\/div>\n\t\t\t\t<\/div>\n\t\t\t\t<div class=\"elementor-element elementor-element-0f8fcf2 elementor-widget elementor-widget-shortcode\" data-id=\"0f8fcf2\" data-element_type=\"widget\" data-e-type=\"widget\" data-widget_type=\"shortcode.default\">\n\t\t\t\t<div class=\"elementor-widget-container\">\n\t\t\t\t\t\t\t<div class=\"elementor-shortcode\"><div class=\"shortcode-site-reviews-summary\"><div class=\"glsr glsr-elementor\" id=\"glsr_psdyhhau\" data-from=\"shortcode\" data-shortcode=\"site_reviews_summary\"><div class=\"glsr-summary-wrap\">\n    <div class=\"glsr-summary\">\n        <div class=\"glsr-summary-rating\"><span class=\"glsr-tag-value\">5.0<\/span><\/div>\n        <div class=\"glsr-summary-stars\"><div class=\"glsr-star-rating glsr-stars\" role=\"img\" aria-label=\"Rated 5 out of 5 stars based on 1 ratings\" data-rating=\"5\" data-reviews=\"1\"><span class=\"glsr-star glsr-star-full\" aria-hidden=\"true\"><\/span><span class=\"glsr-star glsr-star-full\" aria-hidden=\"true\"><\/span><span class=\"glsr-star glsr-star-full\" aria-hidden=\"true\"><\/span><span class=\"glsr-star glsr-star-full\" aria-hidden=\"true\"><\/span><span class=\"glsr-star glsr-star-full\" aria-hidden=\"true\"><\/span><\/div><\/div>\n        <div class=\"glsr-summary-text\"><span class=\"glsr-tag-value\">5.0 out of 5 stars (based on 1 review)<\/span><\/div>\n        <div class=\"glsr-summary-percentages\"><div class=\"glsr-summary-bar\" data-level=\"5\"><span class=\"glsr-summary-bar-label\">Excellent<\/span><span class=\"glsr-summary-bar-background\" style=\"--glsr-bar-percent:100%;\"><\/span><span class=\"glsr-summary-bar-percent\" data-percent=\"100%\" data-reviews=\"1\"><\/span><\/div><div class=\"glsr-summary-bar\" data-level=\"4\"><span class=\"glsr-summary-bar-label\">Very good<\/span><span class=\"glsr-summary-bar-background\" style=\"--glsr-bar-percent:0%;\"><\/span><span class=\"glsr-summary-bar-percent\" data-percent=\"0%\" data-reviews=\"0\"><\/span><\/div><div class=\"glsr-summary-bar\" data-level=\"3\"><span class=\"glsr-summary-bar-label\">Average<\/span><span class=\"glsr-summary-bar-background\" style=\"--glsr-bar-percent:0%;\"><\/span><span class=\"glsr-summary-bar-percent\" data-percent=\"0%\" data-reviews=\"0\"><\/span><\/div><div class=\"glsr-summary-bar\" data-level=\"2\"><span class=\"glsr-summary-bar-label\">Poor<\/span><span class=\"glsr-summary-bar-background\" style=\"--glsr-bar-percent:0%;\"><\/span><span class=\"glsr-summary-bar-percent\" data-percent=\"0%\" data-reviews=\"0\"><\/span><\/div><div class=\"glsr-summary-bar\" data-level=\"1\"><span class=\"glsr-summary-bar-label\">Terrible<\/span><span class=\"glsr-summary-bar-background\" style=\"--glsr-bar-percent:0%;\"><\/span><span class=\"glsr-summary-bar-percent\" data-percent=\"0%\" data-reviews=\"0\"><\/span><\/div><\/div>\n    <\/div>\n<\/div><\/div><\/div><\/div>\n\t\t\t\t\t\t<\/div>\n\t\t\t\t<\/div>\n\t\t\t\t\t<\/div>\n\t\t\t\t<\/div>\n\t\t<div class=\"elementor-element elementor-element-edee5cf e-flex e-con-boxed e-con e-parent\" data-id=\"edee5cf\" data-element_type=\"container\" data-e-type=\"container\" data-settings=\"{&quot;background_background&quot;:&quot;classic&quot;}\">\n\t\t\t\t\t<div class=\"e-con-inner\">\n\t\t\t\t<div class=\"elementor-element elementor-element-f28ae14 elementor-widget elementor-widget-heading\" data-id=\"f28ae14\" data-element_type=\"widget\" data-e-type=\"widget\" data-widget_type=\"heading.default\">\n\t\t\t\t<div class=\"elementor-widget-container\">\n\t\t\t\t\t<h2 class=\"elementor-heading-title elementor-size-default\">D\u00e9janos tu opini\u00f3n:<\/h2>\t\t\t\t<\/div>\n\t\t\t\t<\/div>\n\t\t\t\t<div class=\"elementor-element elementor-element-40268b1 elementor-widget elementor-widget-shortcode\" data-id=\"40268b1\" data-element_type=\"widget\" data-e-type=\"widget\" data-widget_type=\"shortcode.default\">\n\t\t\t\t<div class=\"elementor-widget-container\">\n\t\t\t\t\t\t\t<div class=\"elementor-shortcode\"><div class=\"shortcode-site-reviews-form\"><div class=\"glsr glsr-elementor\" id=\"m7h8croq\" data-from=\"shortcode\" data-shortcode=\"site_reviews_form\"><div class=\"glsr-form-wrap\">\n    <form class=\"elementor-form glsr-form glsr-review-form\" method=\"post\" enctype=\"multipart\/form-data\">\n        <input type=\"hidden\" name=\"site-reviews[_action]\" value=\"submit-review\" \/>\n<input type=\"hidden\" name=\"site-reviews[_nonce]\" value=\"d780526c54\" \/>\n<input type=\"hidden\" name=\"site-reviews[_post_id]\" value=\"76\" \/>\n<input type=\"hidden\" name=\"site-reviews[_referer]\" value=\"\" \/>\n<input type=\"hidden\" name=\"site-reviews[assigned_posts]\" value=\"\" \/>\n<input type=\"hidden\" name=\"site-reviews[assigned_terms]\" value=\"\" \/>\n<input type=\"hidden\" name=\"site-reviews[assigned_users]\" value=\"\" \/>\n<input type=\"hidden\" name=\"site-reviews[excluded]\" value=\"\" \/>\n<input type=\"hidden\" name=\"site-reviews[form_id]\" value=\"m7h8croq\" \/>\n<input type=\"hidden\" name=\"site-reviews[form_signature]\" value=\"WKmNqAy0-AHhzb9on7sj5jvt-g4ahnw-dg1GaSaUd9jZ30DxNGHHMky0ScU_vg3cN3QNvJ0DgeZgS9G8beD1r6vTaXJBUFs5leainkFCPhLHCS7pEbDbU3w0K8FzkWR93lw_xHg2L_2S6zJzjiYCRlS9vzFCyTyBbQAaKJIriHQoC3DJ9V5sI3bbJMwQiKRPEt6WgbzOYRcQ7k7zZTnXEC_2npLs6zE3ebf7mvNuBY63MhBHfGzI4uBpDFgMo8PdoUxTLsDfomeXGJJmb17LV2lG0EqXEsMW1XnRyaMJXSs1-5izeUx9gytCDVIKzmzfOFVQ_GR7unTZyQae-p70mzRuwHmCCmjWWbeqd8aHxFbmxd7kvTxxX5AkL1TJcAkn_iVqC13MWpZsgS0i3p6khZKZRqL4nAumGNbi-K8mC3JAAsmY\" \/>\n<input type=\"hidden\" name=\"site-reviews[terms_exist]\" value=\"1\" \/>\n<div class=\"glsr-field\" style=\"display:none;\"><label for=\"site-reviews-87d2a22e-m7h8croq\">Your review<\/label><input type=\"text\" class=\"glsr-input glsr-input-text\" id=\"site-reviews-87d2a22e-m7h8croq\" name=\"site-reviews[87d2a22e]\" value=\"\" \/><\/div>\n<div class=\"elementor-field-required glsr-field glsr-field-rating glsr-required\" data-field=\"rating\" data-type=\"rating\">\n    <label class=\"elementor-field-label glsr-label\" for=\"m7h8croq-rating\">\n    <span>Your overall rating<\/span>\n<\/label>\n    <select class=\"browser-default disable-select elementor-field-textual elementor-size-sm glsr-select no-wrap no_wrap\" id=\"m7h8croq-rating\" name=\"site-reviews[rating]\" required><option value=\"\">Select a Rating<\/option><option value=\"5\">5 Stars<\/option><option value=\"4\">4 Stars<\/option><option value=\"3\">3 Stars<\/option><option value=\"2\">2 Stars<\/option><option value=\"1\">1 Star<\/option><\/select>\n    <div class=\"elementor-form-help-inline elementor-help-inline elementor-message elementor-message-danger glsr-field-error\"><\/div>\n<\/div>\n<div class=\"elementor-field-required glsr-field glsr-field-text glsr-required\" data-field=\"title\" data-type=\"text\">\n    <label class=\"elementor-field-label glsr-label\" for=\"m7h8croq-title\">\n    <span>Title of your review<\/span>\n<\/label>\n    <input type=\"text\" class=\"elementor-field elementor-field-textual elementor-size-sm glsr-input glsr-input-text\" id=\"m7h8croq-title\" name=\"site-reviews[title]\" required placeholder=\"Summarize your review or highlight an interesting detail\" value=\"\" \/>\n    <div class=\"elementor-form-help-inline elementor-help-inline elementor-message elementor-message-danger glsr-field-error\"><\/div>\n<\/div>\n<div class=\"elementor-field-required glsr-field glsr-field-textarea glsr-required\" data-field=\"content\" data-type=\"textarea\">\n    <label class=\"elementor-field-label glsr-label\" for=\"m7h8croq-content\">\n    <span>Your review<\/span>\n<\/label>\n    <textarea class=\"elementor-field elementor-field-textual elementor-size-sm glsr-textarea\" id=\"m7h8croq-content\" name=\"site-reviews[content]\" required placeholder=\"Tell people your review\" rows=\"5\"><\/textarea>\n    <div class=\"elementor-form-help-inline elementor-help-inline elementor-message elementor-message-danger glsr-field-error\"><\/div>\n<\/div>\n<div class=\"elementor-field-required glsr-field glsr-field-text glsr-required\" data-field=\"name\" data-type=\"text\">\n    <label class=\"elementor-field-label glsr-label\" for=\"m7h8croq-name\">\n    <span>Your name<\/span>\n<\/label>\n    <input type=\"text\" class=\"elementor-field elementor-field-textual elementor-size-sm glsr-input glsr-input-text\" id=\"m7h8croq-name\" name=\"site-reviews[name]\" required placeholder=\"Tell us your name\" value=\"\" \/>\n    <div class=\"elementor-form-help-inline elementor-help-inline elementor-message elementor-message-danger glsr-field-error\"><\/div>\n<\/div>\n<div class=\"glsr-field glsr-field-email\" data-field=\"email\" data-type=\"email\">\n    <label class=\"elementor-field-label glsr-label\" for=\"m7h8croq-email\">\n    <span>Your email<\/span>\n<\/label>\n    <input type=\"email\" class=\"elementor-field elementor-field-textual elementor-size-sm glsr-input glsr-input-email\" id=\"m7h8croq-email\" name=\"site-reviews[email]\" placeholder=\"Tell us your email\" value=\"\" \/>\n    <div class=\"elementor-form-help-inline elementor-help-inline elementor-message elementor-message-danger glsr-field-error\"><\/div>\n<\/div>\n<div class=\"elementor-field-required glsr-field glsr-field-choice glsr-required\" data-field=\"terms\" data-type=\"toggle\">\n    \n    <div class=\"glsr-field-subgroup\">\n        <span class=\"glsr-field-toggle\">\n    <span>\n        <span class=\"glsr-toggle\"><input type=\"checkbox\" class=\"glsr-input-toggle\" id=\"m7h8croq-terms-1\" name=\"site-reviews[terms]\" required value=\"1\" \/><span class=\"glsr-toggle-track\"><\/span><\/span>\n    <\/span>\n    <label for=\"m7h8croq-terms-1\">This review is based on my own experience and is my genuine opinion.<\/label>\n<\/span>\n    <\/div>\n    <div class=\"elementor-form-help-inline elementor-help-inline elementor-message elementor-message-danger glsr-field-error\"><\/div>\n<\/div>\n        <div class=\"elementor-message glsr-form-message\">\n    \n<\/div>\n        <div class=\"e-form__buttons\" data-field=\"submit-button\">\n    <button type=\"submit\" class=\"elementor-button elementor-size-sm glsr-button\"\n        aria-busy=\"false\"\n        data-loading=\"Submitting, please wait...\"\n    >Submit Review<\/button>\n<\/div>\n    <\/form>\n<\/div><\/div><\/div><\/div>\n\t\t\t\t\t\t<\/div>\n\t\t\t\t<\/div>\n\t\t\t\t\t<\/div>\n\t\t\t\t<\/div>\n\t\t\t\t<\/div>\n\t\t","protected":false},"excerpt":{"rendered":"<p>Inicio \u00daltimas opiniones: D\u00e9janos tu opini\u00f3n:<\/p>","protected":false},"author":7,"featured_media":384,"parent":0,"menu_order":0,"comment_status":"closed","ping_status":"closed","template":"elementor_header_footer","meta":{"_glsr_average":0,"_glsr_ranking":0,"_glsr_reviews":0,"_joinchat":[],"footnotes":""},"class_list":["post-76","page","type-page","status-publish","has-post-thumbnail","hentry"],"yoast_head":"<!-- This site is optimized with the Yoast SEO plugin v27.3 - https:\/\/yoast.com\/product\/yoast-seo-wordpress\/ -->\n<title>Mas que viajes JL - Opiniones y Experiencias de Viajeros en Granada<\/title>\n<meta name=\"description\" content=\"Lee las opiniones de nuestros clientes y descubre por qu\u00e9 MAS QUE VIAJES JL es la mejor agencia de viajes en Granada. Experiencias reales y valoraciones de viajeros satisfechos.\" \/>\n<meta name=\"robots\" content=\"index, follow, max-snippet:-1, max-image-preview:large, max-video-preview:-1\" \/>\n<link rel=\"canonical\" href=\"https:\/\/masqueviajesjl.com\/en\/opiniones\/\" \/>\n<meta property=\"og:locale\" content=\"en_GB\" \/>\n<meta property=\"og:type\" content=\"article\" \/>\n<meta property=\"og:title\" content=\"Mas que viajes JL - Opiniones y Experiencias de Viajeros en Granada\" \/>\n<meta property=\"og:description\" content=\"Lee las opiniones de nuestros clientes y descubre por qu\u00e9 MAS QUE VIAJES JL es la mejor agencia de viajes en Granada. Experiencias reales y valoraciones de viajeros satisfechos.\" \/>\n<meta property=\"og:url\" content=\"https:\/\/masqueviajesjl.com\/en\/opiniones\/\" \/>\n<meta property=\"og:site_name\" content=\"Mas que viajes JL\" \/>\n<meta property=\"article:modified_time\" content=\"2025-03-18T11:41:28+00:00\" \/>\n<meta property=\"og:image\" content=\"https:\/\/masqueviajesjl.com\/wp-content\/uploads\/2025\/02\/tour_home01-SL38UJK.jpg\" \/>\n\t<meta property=\"og:image:width\" content=\"900\" \/>\n\t<meta property=\"og:image:height\" content=\"600\" \/>\n\t<meta property=\"og:image:type\" content=\"image\/jpeg\" \/>\n<meta name=\"twitter:card\" content=\"summary_large_image\" \/>\n<meta name=\"twitter:label1\" content=\"Estimated reading time\" \/>\n\t<meta name=\"twitter:data1\" content=\"1 minute\" \/>\n<script type=\"application\/ld+json\" class=\"yoast-schema-graph\">{\"@context\":\"https:\\\/\\\/schema.org\",\"@graph\":[{\"@type\":\"WebPage\",\"@id\":\"https:\\\/\\\/masqueviajesjl.com\\\/opiniones\\\/\",\"url\":\"https:\\\/\\\/masqueviajesjl.com\\\/opiniones\\\/\",\"name\":\"Mas que viajes JL - Opiniones y Experiencias de Viajeros en Granada\",\"isPartOf\":{\"@id\":\"https:\\\/\\\/masqueviajesjl.com\\\/#website\"},\"primaryImageOfPage\":{\"@id\":\"https:\\\/\\\/masqueviajesjl.com\\\/opiniones\\\/#primaryimage\"},\"image\":{\"@id\":\"https:\\\/\\\/masqueviajesjl.com\\\/opiniones\\\/#primaryimage\"},\"thumbnailUrl\":\"https:\\\/\\\/masqueviajesjl.com\\\/wp-content\\\/uploads\\\/2025\\\/02\\\/tour_home01-SL38UJK.jpg\",\"datePublished\":\"2025-02-21T14:56:45+00:00\",\"dateModified\":\"2025-03-18T11:41:28+00:00\",\"description\":\"Lee las opiniones de nuestros clientes y descubre por qu\u00e9 MAS QUE VIAJES JL es la mejor agencia de viajes en Granada. Experiencias reales y valoraciones de viajeros satisfechos.\",\"breadcrumb\":{\"@id\":\"https:\\\/\\\/masqueviajesjl.com\\\/opiniones\\\/#breadcrumb\"},\"inLanguage\":\"en-GB\",\"potentialAction\":[{\"@type\":\"ReadAction\",\"target\":[\"https:\\\/\\\/masqueviajesjl.com\\\/opiniones\\\/\"]}]},{\"@type\":\"ImageObject\",\"inLanguage\":\"en-GB\",\"@id\":\"https:\\\/\\\/masqueviajesjl.com\\\/opiniones\\\/#primaryimage\",\"url\":\"https:\\\/\\\/masqueviajesjl.com\\\/wp-content\\\/uploads\\\/2025\\\/02\\\/tour_home01-SL38UJK.jpg\",\"contentUrl\":\"https:\\\/\\\/masqueviajesjl.com\\\/wp-content\\\/uploads\\\/2025\\\/02\\\/tour_home01-SL38UJK.jpg\",\"width\":900,\"height\":600},{\"@type\":\"BreadcrumbList\",\"@id\":\"https:\\\/\\\/masqueviajesjl.com\\\/opiniones\\\/#breadcrumb\",\"itemListElement\":[{\"@type\":\"ListItem\",\"position\":1,\"name\":\"Portada\",\"item\":\"https:\\\/\\\/masqueviajesjl.com\\\/\"},{\"@type\":\"ListItem\",\"position\":2,\"name\":\"Opiniones\"}]},{\"@type\":\"WebSite\",\"@id\":\"https:\\\/\\\/masqueviajesjl.com\\\/#website\",\"url\":\"https:\\\/\\\/masqueviajesjl.com\\\/\",\"name\":\"Mas que viajes JL\",\"description\":\"\",\"potentialAction\":[{\"@type\":\"SearchAction\",\"target\":{\"@type\":\"EntryPoint\",\"urlTemplate\":\"https:\\\/\\\/masqueviajesjl.com\\\/?s={search_term_string}\"},\"query-input\":{\"@type\":\"PropertyValueSpecification\",\"valueRequired\":true,\"valueName\":\"search_term_string\"}}],\"inLanguage\":\"en-GB\"}]}<\/script>\n<!-- \/ Yoast SEO plugin. -->","yoast_head_json":{"title":"Mas que viajes JL - Opiniones y Experiencias de Viajeros en Granada","description":"Lee las opiniones de nuestros clientes y descubre por qu\u00e9 MAS QUE VIAJES JL es la mejor agencia de viajes en Granada. Experiencias reales y valoraciones de viajeros satisfechos.","robots":{"index":"index","follow":"follow","max-snippet":"max-snippet:-1","max-image-preview":"max-image-preview:large","max-video-preview":"max-video-preview:-1"},"canonical":"https:\/\/masqueviajesjl.com\/en\/opiniones\/","og_locale":"en_GB","og_type":"article","og_title":"Mas que viajes JL - Opiniones y Experiencias de Viajeros en Granada","og_description":"Lee las opiniones de nuestros clientes y descubre por qu\u00e9 MAS QUE VIAJES JL es la mejor agencia de viajes en Granada. Experiencias reales y valoraciones de viajeros satisfechos.","og_url":"https:\/\/masqueviajesjl.com\/en\/opiniones\/","og_site_name":"Mas que viajes JL","article_modified_time":"2025-03-18T11:41:28+00:00","og_image":[{"width":900,"height":600,"url":"https:\/\/masqueviajesjl.com\/wp-content\/uploads\/2025\/02\/tour_home01-SL38UJK.jpg","type":"image\/jpeg"}],"twitter_card":"summary_large_image","twitter_misc":{"Estimated reading time":"1 minute"},"schema":{"@context":"https:\/\/schema.org","@graph":[{"@type":"WebPage","@id":"https:\/\/masqueviajesjl.com\/opiniones\/","url":"https:\/\/masqueviajesjl.com\/opiniones\/","name":"Mas que viajes JL - Opiniones y Experiencias de Viajeros en Granada","isPartOf":{"@id":"https:\/\/masqueviajesjl.com\/#website"},"primaryImageOfPage":{"@id":"https:\/\/masqueviajesjl.com\/opiniones\/#primaryimage"},"image":{"@id":"https:\/\/masqueviajesjl.com\/opiniones\/#primaryimage"},"thumbnailUrl":"https:\/\/masqueviajesjl.com\/wp-content\/uploads\/2025\/02\/tour_home01-SL38UJK.jpg","datePublished":"2025-02-21T14:56:45+00:00","dateModified":"2025-03-18T11:41:28+00:00","description":"Lee las opiniones de nuestros clientes y descubre por qu\u00e9 MAS QUE VIAJES JL es la mejor agencia de viajes en Granada. Experiencias reales y valoraciones de viajeros satisfechos.","breadcrumb":{"@id":"https:\/\/masqueviajesjl.com\/opiniones\/#breadcrumb"},"inLanguage":"en-GB","potentialAction":[{"@type":"ReadAction","target":["https:\/\/masqueviajesjl.com\/opiniones\/"]}]},{"@type":"ImageObject","inLanguage":"en-GB","@id":"https:\/\/masqueviajesjl.com\/opiniones\/#primaryimage","url":"https:\/\/masqueviajesjl.com\/wp-content\/uploads\/2025\/02\/tour_home01-SL38UJK.jpg","contentUrl":"https:\/\/masqueviajesjl.com\/wp-content\/uploads\/2025\/02\/tour_home01-SL38UJK.jpg","width":900,"height":600},{"@type":"BreadcrumbList","@id":"https:\/\/masqueviajesjl.com\/opiniones\/#breadcrumb","itemListElement":[{"@type":"ListItem","position":1,"name":"Portada","item":"https:\/\/masqueviajesjl.com\/"},{"@type":"ListItem","position":2,"name":"Opiniones"}]},{"@type":"WebSite","@id":"https:\/\/masqueviajesjl.com\/#website","url":"https:\/\/masqueviajesjl.com\/","name":"More than travel JL","description":"","potentialAction":[{"@type":"SearchAction","target":{"@type":"EntryPoint","urlTemplate":"https:\/\/masqueviajesjl.com\/?s={search_term_string}"},"query-input":{"@type":"PropertyValueSpecification","valueRequired":true,"valueName":"search_term_string"}}],"inLanguage":"en-GB"}]}},"_links":{"self":[{"href":"https:\/\/masqueviajesjl.com\/en\/wp-json\/wp\/v2\/pages\/76","targetHints":{"allow":["GET"]}}],"collection":[{"href":"https:\/\/masqueviajesjl.com\/en\/wp-json\/wp\/v2\/pages"}],"about":[{"href":"https:\/\/masqueviajesjl.com\/en\/wp-json\/wp\/v2\/types\/page"}],"author":[{"embeddable":true,"href":"https:\/\/masqueviajesjl.com\/en\/wp-json\/wp\/v2\/users\/7"}],"replies":[{"embeddable":true,"href":"https:\/\/masqueviajesjl.com\/en\/wp-json\/wp\/v2\/comments?post=76"}],"version-history":[{"count":51,"href":"https:\/\/masqueviajesjl.com\/en\/wp-json\/wp\/v2\/pages\/76\/revisions"}],"predecessor-version":[{"id":1589,"href":"https:\/\/masqueviajesjl.com\/en\/wp-json\/wp\/v2\/pages\/76\/revisions\/1589"}],"wp:featuredmedia":[{"embeddable":true,"href":"https:\/\/masqueviajesjl.com\/en\/wp-json\/wp\/v2\/media\/384"}],"wp:attachment":[{"href":"https:\/\/masqueviajesjl.com\/en\/wp-json\/wp\/v2\/media?parent=76"}],"curies":[{"name":"wp","href":"https:\/\/api.w.org\/{rel}","templated":true}]}}